{"id":870,"date":"2021-02-05T13:32:49","date_gmt":"2021-02-05T13:32:49","guid":{"rendered":"http:\/\/sdk.edu.pl\/?page_id=870"},"modified":"2021-04-21T09:29:06","modified_gmt":"2021-04-21T09:29:06","slug":"dokumenty","status":"publish","type":"page","link":"https:\/\/sdk.edu.pl\/index.php\/dokumenty\/","title":{"rendered":"Dokumenty"},"content":{"rendered":"\t\t<div data-elementor-type=\"wp-post\" data-elementor-id=\"870\" class=\"elementor elementor-870\">\n\t\t\t\t\t\t\t\t\t<section class=\"elementor-section elementor-top-section elementor-element elementor-element-7bdaaec elementor-section-boxed elementor-section-height-default elementor-section-height-default\" data-id=\"7bdaaec\" data-element_type=\"section\">\n\t\t\t\t\t\t<div class=\"elementor-container elementor-column-gap-default\">\n\t\t\t\t\t<div class=\"elementor-column elementor-col-100 elementor-top-column elementor-element elementor-element-b37220b\" data-id=\"b37220b\" data-element_type=\"column\">\n\t\t\t<div class=\"elementor-widget-wrap elementor-element-populated\">\n\t\t\t\t\t\t\t\t<div class=\"elementor-element elementor-element-d05b669 elementor-widget elementor-widget-text-editor\" data-id=\"d05b669\" data-element_type=\"widget\" data-widget_type=\"text-editor.default\">\n\t\t\t\t<div class=\"elementor-widget-container\">\n\t\t\t\t\t\t\t<h2>Wymagane dokumenty<\/h2><p><b>Kandydaci sk\u0142adaj\u0105 nast\u0119puj\u0105ce dokumenty:<\/b><\/p><p>* podanie na obowi\u0105zuj\u0105cym druku<\/p><p>* odpis dyplomu uko\u0144czenia studi\u00f3w wy\u017cszych<\/p><p>*ksero suplementu dyplomu studi\u00f3w wy\u017cszych<\/p><p>* dow\u00f3d wniesienia op\u0142aty rekrutacyjnej w wysoko\u015bci 150 PLN<\/p><p>Wymienione dokumenty nale\u017cy sk\u0142ada\u0107 w siedzibie Studium:<br \/>ul. Traugutta 61, 26-600 Radom.<\/p><p><strong>Wp\u0142aty mo\u017cna dokona\u0107 na podany ni\u017cej numer konta lub osobi\u015bcie w biurze SDKO.<\/strong><\/p><p><strong>BNP Paribas Bank Polska\u00a0 S.A. O\/Radom 81 2030 0045 1110 0000 0016 5390<\/strong><\/p>\t\t\t\t\t\t<\/div>\n\t\t\t\t<\/div>\n\t\t\t\t\t<\/div>\n\t\t<\/div>\n\t\t\t\t\t\t\t<\/div>\n\t\t<\/section>\n\t\t\t\t\t\t\t<\/div>\n\t\t","protected":false},"excerpt":{"rendered":"<p>Wymagane dokumenty Kandydaci sk\u0142adaj\u0105 nast\u0119puj\u0105ce dokumenty: * podanie na obowi\u0105zuj\u0105cym druku * odpis dyplomu uko\u0144czenia studi\u00f3w wy\u017cszych *ksero suplementu dyplomu studi\u00f3w wy\u017cszych * dow\u00f3d wniesienia op\u0142aty rekrutacyjnej w wysoko\u015bci 150 PLN Wymienione dokumenty nale\u017cy sk\u0142ada\u0107 w siedzibie Studium:ul. Traugutta 61, 26-600 Radom. Wp\u0142aty mo\u017cna dokona\u0107 na podany ni\u017cej numer konta lub osobi\u015bcie w biurze SDKO. [&hellip;]<\/p>\n","protected":false},"author":1,"featured_media":0,"parent":0,"menu_order":0,"comment_status":"closed","ping_status":"closed","template":"page-templates\/pagebuilder.php","meta":[],"_links":{"self":[{"href":"https:\/\/sdk.edu.pl\/index.php\/wp-json\/wp\/v2\/pages\/870"}],"collection":[{"href":"https:\/\/sdk.edu.pl\/index.php\/wp-json\/wp\/v2\/pages"}],"about":[{"href":"https:\/\/sdk.edu.pl\/index.php\/wp-json\/wp\/v2\/types\/page"}],"author":[{"embeddable":true,"href":"https:\/\/sdk.edu.pl\/index.php\/wp-json\/wp\/v2\/users\/1"}],"replies":[{"embeddable":true,"href":"https:\/\/sdk.edu.pl\/index.php\/wp-json\/wp\/v2\/comments?post=870"}],"version-history":[{"count":6,"href":"https:\/\/sdk.edu.pl\/index.php\/wp-json\/wp\/v2\/pages\/870\/revisions"}],"predecessor-version":[{"id":2378,"href":"https:\/\/sdk.edu.pl\/index.php\/wp-json\/wp\/v2\/pages\/870\/revisions\/2378"}],"wp:attachment":[{"href":"https:\/\/sdk.edu.pl\/index.php\/wp-json\/wp\/v2\/media?parent=870"}],"curies":[{"name":"wp","href":"https:\/\/api.w.org\/{rel}","templated":true}]}}