{"id":864,"date":"2021-02-05T13:26:59","date_gmt":"2021-02-05T13:26:59","guid":{"rendered":"http:\/\/sdk.edu.pl\/?page_id=864"},"modified":"2026-02-19T13:02:07","modified_gmt":"2026-02-19T13:02:07","slug":"szkolenia-i-warsztaty","status":"publish","type":"page","link":"https:\/\/sdk.edu.pl\/index.php\/szkolenia-i-warsztaty\/","title":{"rendered":"Szkolenia i warsztaty"},"content":{"rendered":"\t\t<div data-elementor-type=\"wp-post\" data-elementor-id=\"864\" class=\"elementor elementor-864\">\n\t\t\t\t\t\t\t\t\t<section class=\"elementor-section elementor-top-section elementor-element elementor-element-3dc7c571 elementor-section-boxed elementor-section-height-default elementor-section-height-default\" data-id=\"3dc7c571\" data-element_type=\"section\">\n\t\t\t\t\t\t<div class=\"elementor-container elementor-column-gap-default\">\n\t\t\t\t\t<div class=\"elementor-column elementor-col-100 elementor-top-column elementor-element elementor-element-27edba4e\" data-id=\"27edba4e\" data-element_type=\"column\">\n\t\t\t<div class=\"elementor-widget-wrap elementor-element-populated\">\n\t\t\t\t\t\t\t\t<div class=\"elementor-element elementor-element-357803a9 elementor-widget elementor-widget-heading\" data-id=\"357803a9\" data-element_type=\"widget\" data-widget_type=\"heading.default\">\n\t\t\t\t<div class=\"elementor-widget-container\">\n\t\t\t<h2 class=\"elementor-heading-title elementor-size-default\">Szkolenia i warsztaty\u200b<\/h2>\t\t<\/div>\n\t\t\t\t<\/div>\n\t\t\t\t<section class=\"elementor-section elementor-inner-section elementor-element elementor-element-4b92bd93 elementor-section-boxed elementor-section-height-default elementor-section-height-default\" data-id=\"4b92bd93\" data-element_type=\"section\">\n\t\t\t\t\t\t<div class=\"elementor-container elementor-column-gap-default\">\n\t\t\t\t\t<div class=\"elementor-column elementor-col-33 elementor-inner-column elementor-element elementor-element-72a364df\" data-id=\"72a364df\" data-element_type=\"column\">\n\t\t\t<div class=\"elementor-widget-wrap\">\n\t\t\t\t\t\t\t\t\t<\/div>\n\t\t<\/div>\n\t\t\t\t<div class=\"elementor-column elementor-col-33 elementor-inner-column elementor-element elementor-element-6e5d1848\" data-id=\"6e5d1848\" data-element_type=\"column\">\n\t\t\t<div class=\"elementor-widget-wrap elementor-element-populated\">\n\t\t\t\t\t\t\t\t<div class=\"elementor-element elementor-element-50235d83 elementor-widget elementor-widget-text-editor\" data-id=\"50235d83\" data-element_type=\"widget\" data-widget_type=\"text-editor.default\">\n\t\t\t\t<div class=\"elementor-widget-container\">\n\t\t\t\t\t\t\t<p><u style=\"font-style: inherit;\"><b>Proponujemy:<\/b><\/u><\/p><p>mo\u017cliwo\u015b\u0107 dostosowania ilo\u015bci godzin warsztat\u00f3w do potrzeb nauczycieli<br \/>mo\u017cliwo\u015b\u0107 realizacji temat\u00f3w zgodnych z potrzebami szko\u0142y<br \/>mo\u017cliwo\u015b\u0107 negocjowania odp\u0142atno\u015bci<\/p><center><b>Wydajemy za\u015bwiadczenia zgodnie z obowiazuj\u0105cym Rozporz\u0105dzeniem MEN<\/b><\/center><p>Op\u0142ata za 1 godz. szkolenia dla Rady Pedagogicznej wynosi: <b>110 z\u0142<\/b> <br \/>Op\u0142ata za 1 godz. szkolenia przy zg\u0142oszeniu indywidualnym wynosi: <b>6 z\u0142*<\/b> <br \/>od osoby <b>*<\/b> przy grupie min. 20 os<\/p>\t\t\t\t\t\t<\/div>\n\t\t\t\t<\/div>\n\t\t\t\t\t<\/div>\n\t\t<\/div>\n\t\t\t\t<div class=\"elementor-column elementor-col-33 elementor-inner-column elementor-element elementor-element-65e2d1a6\" data-id=\"65e2d1a6\" data-element_type=\"column\">\n\t\t\t<div class=\"elementor-widget-wrap\">\n\t\t\t\t\t\t\t\t\t<\/div>\n\t\t<\/div>\n\t\t\t\t\t\t\t<\/div>\n\t\t<\/section>\n\t\t\t\t\t<\/div>\n\t\t<\/div>\n\t\t\t\t\t\t\t<\/div>\n\t\t<\/section>\n\t\t\t\t<section class=\"elementor-section elementor-inner-section elementor-element elementor-element-205f2b03 elementor-section-boxed elementor-section-height-default elementor-section-height-default\" data-id=\"205f2b03\" data-element_type=\"section\">\n\t\t\t\t\t\t<div class=\"elementor-container elementor-column-gap-default\">\n\t\t\t\t\t<div class=\"elementor-column elementor-col-33 elementor-inner-column elementor-element elementor-element-b11767f\" data-id=\"b11767f\" data-element_type=\"column\">\n\t\t\t<div class=\"elementor-widget-wrap elementor-element-populated\">\n\t\t\t\t\t\t\t\t<div class=\"elementor-element elementor-element-4865bc6e elementor-widget elementor-widget-image-box\" data-id=\"4865bc6e\" data-element_type=\"widget\" data-widget_type=\"image-box.default\">\n\t\t\t\t<div class=\"elementor-widget-container\">\n\t\t\t<div class=\"elementor-image-box-wrapper\"><div class=\"elementor-image-box-content\"><h3 class=\"elementor-image-box-title\"><a href=\"https:\/\/sdk.edu.pl\/index.php\/szkolenia-rad-pedagogicznych\/\">Szkolenia rad pedagogicznych<\/a><\/h3><\/div><\/div>\t\t<\/div>\n\t\t\t\t<\/div>\n\t\t\t\t\t<\/div>\n\t\t<\/div>\n\t\t\t\t<div class=\"elementor-column elementor-col-33 elementor-inner-column elementor-element elementor-element-6af9f5bd\" data-id=\"6af9f5bd\" data-element_type=\"column\">\n\t\t\t<div class=\"elementor-widget-wrap elementor-element-populated\">\n\t\t\t\t\t\t\t\t<div class=\"elementor-element elementor-element-5d6f9821 elementor-widget elementor-widget-image-box\" data-id=\"5d6f9821\" data-element_type=\"widget\" data-widget_type=\"image-box.default\">\n\t\t\t\t<div class=\"elementor-widget-container\">\n\t\t\t<div class=\"elementor-image-box-wrapper\"><div class=\"elementor-image-box-content\"><h3 class=\"elementor-image-box-title\"><a href=\"https:\/\/sdk.edu.pl\/index.php\/pierwsza-pomoc-przedmedyczna-w-szkole\/\">Pierwsza pomoc przedmedyczna w szkole<\/a><\/h3><\/div><\/div>\t\t<\/div>\n\t\t\t\t<\/div>\n\t\t\t\t\t<\/div>\n\t\t<\/div>\n\t\t\t\t<div class=\"elementor-column elementor-col-33 elementor-inner-column elementor-element elementor-element-47e10a15\" data-id=\"47e10a15\" data-element_type=\"column\">\n\t\t\t<div class=\"elementor-widget-wrap elementor-element-populated\">\n\t\t\t\t\t\t\t\t<div class=\"elementor-element elementor-element-1fd5ea1f elementor-widget elementor-widget-image-box\" data-id=\"1fd5ea1f\" data-element_type=\"widget\" data-widget_type=\"image-box.default\">\n\t\t\t\t<div class=\"elementor-widget-container\">\n\t\t\t<div class=\"elementor-image-box-wrapper\"><div class=\"elementor-image-box-content\"><h3 class=\"elementor-image-box-title\"><a href=\"https:\/\/sdk.edu.pl\/index.php\/szkolenia-z-zakresu-bhp\/\">Szkolenia z zakresu BHP<\/a><\/h3><\/div><\/div>\t\t<\/div>\n\t\t\t\t<\/div>\n\t\t\t\t\t<\/div>\n\t\t<\/div>\n\t\t\t\t\t\t\t<\/div>\n\t\t<\/section>\n\t\t\t\t<section class=\"elementor-section elementor-inner-section elementor-element elementor-element-10d0b4cb elementor-section-boxed elementor-section-height-default elementor-section-height-default\" data-id=\"10d0b4cb\" data-element_type=\"section\">\n\t\t\t\t\t\t<div class=\"elementor-container elementor-column-gap-default\">\n\t\t\t\t\t<div class=\"elementor-column elementor-col-33 elementor-inner-column elementor-element elementor-element-5774517e\" data-id=\"5774517e\" data-element_type=\"column\">\n\t\t\t<div class=\"elementor-widget-wrap elementor-element-populated\">\n\t\t\t\t\t\t\t\t<div class=\"elementor-element elementor-element-17b1858 elementor-widget elementor-widget-image-box\" data-id=\"17b1858\" data-element_type=\"widget\" data-widget_type=\"image-box.default\">\n\t\t\t\t<div class=\"elementor-widget-container\">\n\t\t\t<div class=\"elementor-image-box-wrapper\"><div class=\"elementor-image-box-content\"><h3 class=\"elementor-image-box-title\"><a href=\"https:\/\/sdk.edu.pl\/index.php\/kursy-dla-nauczycieli-i-przedszkoli\/\">Kursy dla nauczycieli i przedszkoli<\/a><\/h3><\/div><\/div>\t\t<\/div>\n\t\t\t\t<\/div>\n\t\t\t\t\t<\/div>\n\t\t<\/div>\n\t\t\t\t<div class=\"elementor-column elementor-col-33 elementor-inner-column elementor-element elementor-element-6eefe4aa\" data-id=\"6eefe4aa\" data-element_type=\"column\">\n\t\t\t<div class=\"elementor-widget-wrap elementor-element-populated\">\n\t\t\t\t\t\t\t\t<div class=\"elementor-element elementor-element-2d369d61 elementor-widget elementor-widget-image-box\" data-id=\"2d369d61\" data-element_type=\"widget\" data-widget_type=\"image-box.default\">\n\t\t\t\t<div class=\"elementor-widget-container\">\n\t\t\t<div class=\"elementor-image-box-wrapper\"><div class=\"elementor-image-box-content\"><h3 class=\"elementor-image-box-title\"><a href=\"https:\/\/sdk.edu.pl\/index.php\/kursy-dla-nauczycieli-klas-i-iii\/\">Kursy dla nauczycieli klas I - III<\/a><\/h3><\/div><\/div>\t\t<\/div>\n\t\t\t\t<\/div>\n\t\t\t\t\t<\/div>\n\t\t<\/div>\n\t\t\t\t<div class=\"elementor-column elementor-col-33 elementor-inner-column elementor-element elementor-element-202abf51\" data-id=\"202abf51\" data-element_type=\"column\">\n\t\t\t<div class=\"elementor-widget-wrap elementor-element-populated\">\n\t\t\t\t\t\t\t\t<div class=\"elementor-element elementor-element-32ea94c8 elementor-widget elementor-widget-image-box\" data-id=\"32ea94c8\" data-element_type=\"widget\" data-widget_type=\"image-box.default\">\n\t\t\t\t<div class=\"elementor-widget-container\">\n\t\t\t<div class=\"elementor-image-box-wrapper\"><div class=\"elementor-image-box-content\"><h3 class=\"elementor-image-box-title\"><a href=\"https:\/\/sdk.edu.pl\/index.php\/nauczyciel-wychowawca\/\">Nauczyciel - Wychowawca<\/a><\/h3><\/div><\/div>\t\t<\/div>\n\t\t\t\t<\/div>\n\t\t\t\t\t<\/div>\n\t\t<\/div>\n\t\t\t\t\t\t\t<\/div>\n\t\t<\/section>\n\t\t\t\t<section class=\"elementor-section elementor-inner-section elementor-element elementor-element-6b12b332 elementor-section-boxed elementor-section-height-default elementor-section-height-default\" data-id=\"6b12b332\" data-element_type=\"section\">\n\t\t\t\t\t\t<div class=\"elementor-container elementor-column-gap-default\">\n\t\t\t\t\t<div class=\"elementor-column elementor-col-33 elementor-inner-column elementor-element elementor-element-31ecf025\" data-id=\"31ecf025\" data-element_type=\"column\">\n\t\t\t<div class=\"elementor-widget-wrap elementor-element-populated\">\n\t\t\t\t\t\t\t\t<div class=\"elementor-element elementor-element-3d6265ef elementor-widget elementor-widget-image-box\" data-id=\"3d6265ef\" data-element_type=\"widget\" data-widget_type=\"image-box.default\">\n\t\t\t\t<div class=\"elementor-widget-container\">\n\t\t\t<div class=\"elementor-image-box-wrapper\"><div class=\"elementor-image-box-content\"><h3 class=\"elementor-image-box-title\"><a href=\"https:\/\/sdk.edu.pl\/index.php\/kursy-i-warsztaty-dla-nauczycieli-roznych-specjalnosci\/\">Kursy i warsztaty dla nauczycieli r\u00f3\u017cnych specjalno\u015bci<\/a><\/h3><\/div><\/div>\t\t<\/div>\n\t\t\t\t<\/div>\n\t\t\t\t\t<\/div>\n\t\t<\/div>\n\t\t\t\t<div class=\"elementor-column elementor-col-33 elementor-inner-column elementor-element elementor-element-2a1f5423\" data-id=\"2a1f5423\" data-element_type=\"column\">\n\t\t\t<div class=\"elementor-widget-wrap elementor-element-populated\">\n\t\t\t\t\t\t\t\t<div class=\"elementor-element elementor-element-51933c1e elementor-widget elementor-widget-image-box\" data-id=\"51933c1e\" data-element_type=\"widget\" data-widget_type=\"image-box.default\">\n\t\t\t\t<div class=\"elementor-widget-container\">\n\t\t\t<div class=\"elementor-image-box-wrapper\"><div class=\"elementor-image-box-content\"><h3 class=\"elementor-image-box-title\"><a href=\"https:\/\/sdk.edu.pl\/index.php\/kursy-z-zakresu-awansu-zawodowego\/\">Kursy z zakresu awansu zawodowego<\/a><\/h3><\/div><\/div>\t\t<\/div>\n\t\t\t\t<\/div>\n\t\t\t\t\t<\/div>\n\t\t<\/div>\n\t\t\t\t<div class=\"elementor-column elementor-col-33 elementor-inner-column elementor-element elementor-element-2138fecc\" data-id=\"2138fecc\" data-element_type=\"column\">\n\t\t\t<div class=\"elementor-widget-wrap elementor-element-populated\">\n\t\t\t\t\t\t\t\t<div class=\"elementor-element elementor-element-5995f8c7 elementor-widget elementor-widget-image-box\" data-id=\"5995f8c7\" data-element_type=\"widget\" data-widget_type=\"image-box.default\">\n\t\t\t\t<div class=\"elementor-widget-container\">\n\t\t\t<div class=\"elementor-image-box-wrapper\"><div class=\"elementor-image-box-content\"><h3 class=\"elementor-image-box-title\"><a href=\"https:\/\/sdk.edu.pl\/index.php\/kursy-komputerowe\/\">Kursy komputerowe<\/a><\/h3><\/div><\/div>\t\t<\/div>\n\t\t\t\t<\/div>\n\t\t\t\t\t<\/div>\n\t\t<\/div>\n\t\t\t\t\t\t\t<\/div>\n\t\t<\/section>\n\t\t\t\t<section class=\"elementor-section elementor-inner-section elementor-element elementor-element-2876204b elementor-section-boxed elementor-section-height-default elementor-section-height-default\" data-id=\"2876204b\" data-element_type=\"section\">\n\t\t\t\t\t\t<div class=\"elementor-container elementor-column-gap-default\">\n\t\t\t\t\t<div class=\"elementor-column elementor-col-33 elementor-inner-column elementor-element elementor-element-2833d552\" data-id=\"2833d552\" data-element_type=\"column\">\n\t\t\t<div class=\"elementor-widget-wrap elementor-element-populated\">\n\t\t\t\t\t\t\t\t<div class=\"elementor-element elementor-element-35f59a8 elementor-widget elementor-widget-image-box\" data-id=\"35f59a8\" data-element_type=\"widget\" data-widget_type=\"image-box.default\">\n\t\t\t\t<div class=\"elementor-widget-container\">\n\t\t\t<div class=\"elementor-image-box-wrapper\"><div class=\"elementor-image-box-content\"><h3 class=\"elementor-image-box-title\"><a href=\"https:\/\/sdk.edu.pl\/index.php\/organizacja-wypoczynku-dla-dzieci-i-mlodziezy\/\">Organizacja wypoczynku dla dzieci i m\u0142odzie\u017cy<\/a><\/h3><\/div><\/div>\t\t<\/div>\n\t\t\t\t<\/div>\n\t\t\t\t\t<\/div>\n\t\t<\/div>\n\t\t\t\t<div class=\"elementor-column elementor-col-33 elementor-inner-column elementor-element elementor-element-19f4862e\" data-id=\"19f4862e\" data-element_type=\"column\">\n\t\t\t<div class=\"elementor-widget-wrap\">\n\t\t\t\t\t\t\t\t\t<\/div>\n\t\t<\/div>\n\t\t\t\t<div class=\"elementor-column elementor-col-33 elementor-inner-column elementor-element elementor-element-3d1b9cd9\" data-id=\"3d1b9cd9\" data-element_type=\"column\">\n\t\t\t<div class=\"elementor-widget-wrap\">\n\t\t\t\t\t\t\t\t\t<\/div>\n\t\t<\/div>\n\t\t\t\t\t\t\t<\/div>\n\t\t<\/section>\n\t\t\t\t\t\t\t<\/div>\n\t\t","protected":false},"excerpt":{"rendered":"<p>Szkolenia i warsztaty\u200b Proponujemy: mo\u017cliwo\u015b\u0107 dostosowania ilo\u015bci godzin warsztat\u00f3w do potrzeb nauczycielimo\u017cliwo\u015b\u0107 realizacji temat\u00f3w zgodnych z potrzebami szko\u0142ymo\u017cliwo\u015b\u0107 negocjowania odp\u0142atno\u015bci Wydajemy za\u015bwiadczenia zgodnie z obowiazuj\u0105cym Rozporz\u0105dzeniem MEN Op\u0142ata za 1 godz. szkolenia dla Rady Pedagogicznej wynosi: 110 z\u0142 Op\u0142ata za 1 godz. szkolenia przy zg\u0142oszeniu indywidualnym wynosi: 6 z\u0142* od osoby * przy grupie min. [&hellip;]<\/p>\n","protected":false},"author":1,"featured_media":0,"parent":0,"menu_order":0,"comment_status":"closed","ping_status":"closed","template":"","meta":[],"_links":{"self":[{"href":"https:\/\/sdk.edu.pl\/index.php\/wp-json\/wp\/v2\/pages\/864"}],"collection":[{"href":"https:\/\/sdk.edu.pl\/index.php\/wp-json\/wp\/v2\/pages"}],"about":[{"href":"https:\/\/sdk.edu.pl\/index.php\/wp-json\/wp\/v2\/types\/page"}],"author":[{"embeddable":true,"href":"https:\/\/sdk.edu.pl\/index.php\/wp-json\/wp\/v2\/users\/1"}],"replies":[{"embeddable":true,"href":"https:\/\/sdk.edu.pl\/index.php\/wp-json\/wp\/v2\/comments?post=864"}],"version-history":[{"count":33,"href":"https:\/\/sdk.edu.pl\/index.php\/wp-json\/wp\/v2\/pages\/864\/revisions"}],"predecessor-version":[{"id":3061,"href":"https:\/\/sdk.edu.pl\/index.php\/wp-json\/wp\/v2\/pages\/864\/revisions\/3061"}],"wp:attachment":[{"href":"https:\/\/sdk.edu.pl\/index.php\/wp-json\/wp\/v2\/media?parent=864"}],"curies":[{"name":"wp","href":"https:\/\/api.w.org\/{rel}","templated":true}]}}