{"id":2594,"date":"2022-08-09T10:24:41","date_gmt":"2022-08-09T10:24:41","guid":{"rendered":"https:\/\/sdk.edu.pl\/?page_id=2594"},"modified":"2024-08-20T12:08:09","modified_gmt":"2024-08-20T12:08:09","slug":"pedagogika-specjalna","status":"publish","type":"page","link":"https:\/\/sdk.edu.pl\/index.php\/pedagogika-specjalna\/","title":{"rendered":"Edukacja w\u0142\u0105czaj\u0105ca i integracyjna uczni\u00f3w ze specjalnymi potrzebami edukacyjnymi &#8211; pedagog specjalny"},"content":{"rendered":"\t\t<div data-elementor-type=\"wp-post\" data-elementor-id=\"2594\" class=\"elementor elementor-2594\">\n\t\t\t\t\t\t\t\t\t<section class=\"elementor-section elementor-top-section elementor-element elementor-element-247ac1f elementor-section-boxed elementor-section-height-default elementor-section-height-default\" data-id=\"247ac1f\" data-element_type=\"section\">\n\t\t\t\t\t\t<div class=\"elementor-container elementor-column-gap-default\">\n\t\t\t\t\t<div class=\"elementor-column elementor-col-100 elementor-top-column elementor-element elementor-element-384d5e4\" data-id=\"384d5e4\" data-element_type=\"column\">\n\t\t\t<div class=\"elementor-widget-wrap elementor-element-populated\">\n\t\t\t\t\t\t\t\t<div class=\"elementor-element elementor-element-7a91f92 elementor-widget elementor-widget-image\" data-id=\"7a91f92\" data-element_type=\"widget\" data-widget_type=\"image.default\">\n\t\t\t\t<div class=\"elementor-widget-container\">\n\t\t\t\t\t\t\t\t\t\t\t\t\t\t\t<img decoding=\"async\" src=\"https:\/\/sdk.edu.pl\/wp-content\/uploads\/elementor\/thumbs\/834c8-Bibliotekoznawstwo-i-informacja-naukowa-studia-p2y89svlc44rsu79die6jpcpob38wjy6nrv5zk82b0.jpg\" title=\"834c8-Bibliotekoznawstwo-i-informacja-naukowa-studia\" alt=\"Podpis...\" loading=\"lazy\" \/>\t\t\t\t\t\t\t\t\t\t\t\t\t\t\t<\/div>\n\t\t\t\t<\/div>\n\t\t\t\t<section class=\"elementor-section elementor-inner-section elementor-element elementor-element-f264130 elementor-section-full_width elementor-section-content-top elementor-section-height-default elementor-section-height-default\" data-id=\"f264130\" data-element_type=\"section\">\n\t\t\t\t\t\t<div class=\"elementor-container elementor-column-gap-no\">\n\t\t\t\t\t<div class=\"elementor-column elementor-col-50 elementor-inner-column elementor-element elementor-element-c09dc10\" data-id=\"c09dc10\" data-element_type=\"column\">\n\t\t\t<div class=\"elementor-widget-wrap elementor-element-populated\">\n\t\t\t\t\t\t\t\t<div class=\"elementor-element elementor-element-c6d40d8 elementor-widget elementor-widget-heading\" data-id=\"c6d40d8\" data-element_type=\"widget\" data-widget_type=\"heading.default\">\n\t\t\t\t<div class=\"elementor-widget-container\">\n\t\t\t<h2 class=\"elementor-heading-title elementor-size-default\">Edukacja w\u0142\u0105czaj\u0105ca i integracyjna uczni\u00f3w ze specjalnymi potrzebami edukacyjnymi - PEDAGOG SPECJALNY<\/h2>\t\t<\/div>\n\t\t\t\t<\/div>\n\t\t\t\t<div class=\"elementor-element elementor-element-97dfed3 elementor-widget elementor-widget-heading\" data-id=\"97dfed3\" data-element_type=\"widget\" data-widget_type=\"heading.default\">\n\t\t\t\t<div class=\"elementor-widget-container\">\n\t\t\t<h5 class=\"elementor-heading-title elementor-size-default\">Adresaci:<\/h5>\t\t<\/div>\n\t\t\t\t<\/div>\n\t\t\t\t\t<\/div>\n\t\t<\/div>\n\t\t\t\t<div class=\"elementor-column elementor-col-50 elementor-inner-column elementor-element elementor-element-673582c\" data-id=\"673582c\" data-element_type=\"column\">\n\t\t\t<div class=\"elementor-widget-wrap elementor-element-populated\">\n\t\t\t\t\t\t\t\t<div class=\"elementor-element elementor-element-a939780 elementor-widget elementor-widget-text-editor\" data-id=\"a939780\" data-element_type=\"widget\" data-widget_type=\"text-editor.default\">\n\t\t\t\t<div class=\"elementor-widget-container\">\n\t\t\t\t\t\t\t<p>3 300 z\u0142<\/p>\t\t\t\t\t\t<\/div>\n\t\t\t\t<\/div>\n\t\t\t\t\t<\/div>\n\t\t<\/div>\n\t\t\t\t\t\t\t<\/div>\n\t\t<\/section>\n\t\t\t\t<div class=\"elementor-element elementor-element-3d55aa1 elementor-widget elementor-widget-text-editor\" data-id=\"3d55aa1\" data-element_type=\"widget\" data-widget_type=\"text-editor.default\">\n\t\t\t\t<div class=\"elementor-widget-container\">\n\t\t\t\t\t\t\t<div align=\"justify\">Nauczyciele, pedagodzy, psycholodzy, wychowawcy &#8211; pragn\u0105cy uzyska\u0107 kwalifikacje do pracy w plac\u00f3wkach o\u015bwiatowych w charakterze pedagoga specjalnego.<\/div>\n<div align=\"justify\">&nbsp;<\/div>\n<p><b>Cele:<\/b><\/p>\n<p>Absolwent posiada specjalistyczne kwalifikacje do pracy na stanowisku nauczyciela i wychowawcy w przedszkolach i szko\u0142ach podstawowych (oddzia\u0142y zerowe), przedszkolach integracyjnych, szko\u0142ach integracyjnych, specjalnych o\u015brodkach szkolno &#8211; wychowawczych&nbsp; dla dzieci i m\u0142odzie\u017cy z niepe\u0142nosprawno\u015bci\u0105 narz\u0105du ruchu, intelektualn\u0105, nies\u0142ysz\u0105cych i s\u0142abo s\u0142ysz\u0105cych, niewidomych i s\u0142abo widz\u0105cych.<\/p>\n<p>Absolwent posiada r\u00f3wnie\u017c kwalifikacje do zajmowania stanowiska pedagoga wspomagaj\u0105cego w przedszkolach i szko\u0142ach integracyjnych lub plac\u00f3wkach z oddzia\u0142ami integracyjnymi, jak r\u00f3wnie\u017c do pracy w charakterze pedagoga wspomagaj\u0105cego lub specjalisty &#8211; konsultanta w szko\u0142ach i przedszkolach, pracuj\u0105cych wed\u0142ug koncepcji edukacji w\u0142\u0105czaj\u0105cej.<\/p>\n<p><b>Czas trwania: <\/b>trzy semestry<\/p>\n<p><b>Koszt studi\u00f3w:<\/b> 3 300 z\u0142 (1 100,00 z\u0142 za semestr) &#8211; p\u0142atne w miesi\u0119cznych ratach + 150,00 z\u0142 op\u0142ata wpisowa<\/p>\n<p><strong>Termin rozpocz\u0119cia studi\u00f3w: pa\u017adziernik&nbsp;<\/strong>2024 r.<\/p>\t\t\t\t\t\t<\/div>\n\t\t\t\t<\/div>\n\t\t\t\t<div class=\"elementor-element elementor-element-ba2ece1 elementor-align-left elementor-widget elementor-widget-button\" data-id=\"ba2ece1\" data-element_type=\"widget\" data-widget_type=\"button.default\">\n\t\t\t\t<div class=\"elementor-widget-container\">\n\t\t\t\t\t<div class=\"elementor-button-wrapper\">\n\t\t\t<a class=\"elementor-button elementor-button-link elementor-size-sm\" href=\"https:\/\/sdk.edu.pl\/index.php\/zapisz-sie-na-studia\/\">\n\t\t\t\t\t\t<span class=\"elementor-button-content-wrapper\">\n\t\t\t\t\t\t<span class=\"elementor-button-text\">ZAPISZ SIE NA STUDIA<\/span>\n\t\t<\/span>\n\t\t\t\t\t<\/a>\n\t\t<\/div>\n\t\t\t\t<\/div>\n\t\t\t\t<\/div>\n\t\t\t\t\t<\/div>\n\t\t<\/div>\n\t\t\t\t\t\t\t<\/div>\n\t\t<\/section>\n\t\t\t\t\t\t\t<\/div>\n\t\t","protected":false},"excerpt":{"rendered":"<p>Edukacja w\u0142\u0105czaj\u0105ca i integracyjna uczni\u00f3w ze specjalnymi potrzebami edukacyjnymi &#8211; PEDAGOG SPECJALNY Adresaci: 3 300 z\u0142 Nauczyciele, pedagodzy, psycholodzy, wychowawcy &#8211; pragn\u0105cy uzyska\u0107 kwalifikacje do pracy w plac\u00f3wkach o\u015bwiatowych w charakterze pedagoga specjalnego. &nbsp; Cele: Absolwent posiada specjalistyczne kwalifikacje do pracy na stanowisku nauczyciela i wychowawcy w przedszkolach i szko\u0142ach podstawowych (oddzia\u0142y zerowe), przedszkolach integracyjnych, [&hellip;]<\/p>\n","protected":false},"author":1,"featured_media":0,"parent":0,"menu_order":0,"comment_status":"closed","ping_status":"closed","template":"elementor_header_footer","meta":[],"_links":{"self":[{"href":"https:\/\/sdk.edu.pl\/index.php\/wp-json\/wp\/v2\/pages\/2594"}],"collection":[{"href":"https:\/\/sdk.edu.pl\/index.php\/wp-json\/wp\/v2\/pages"}],"about":[{"href":"https:\/\/sdk.edu.pl\/index.php\/wp-json\/wp\/v2\/types\/page"}],"author":[{"embeddable":true,"href":"https:\/\/sdk.edu.pl\/index.php\/wp-json\/wp\/v2\/users\/1"}],"replies":[{"embeddable":true,"href":"https:\/\/sdk.edu.pl\/index.php\/wp-json\/wp\/v2\/comments?post=2594"}],"version-history":[{"count":15,"href":"https:\/\/sdk.edu.pl\/index.php\/wp-json\/wp\/v2\/pages\/2594\/revisions"}],"predecessor-version":[{"id":2906,"href":"https:\/\/sdk.edu.pl\/index.php\/wp-json\/wp\/v2\/pages\/2594\/revisions\/2906"}],"wp:attachment":[{"href":"https:\/\/sdk.edu.pl\/index.php\/wp-json\/wp\/v2\/media?parent=2594"}],"curies":[{"name":"wp","href":"https:\/\/api.w.org\/{rel}","templated":true}]}}