{"id":2328,"date":"2021-03-24T13:20:41","date_gmt":"2021-03-24T13:20:41","guid":{"rendered":"https:\/\/sdk.edu.pl\/?page_id=2328"},"modified":"2023-09-13T08:10:53","modified_gmt":"2023-09-13T08:10:53","slug":"online","status":"publish","type":"page","link":"https:\/\/sdk.edu.pl\/index.php\/online\/","title":{"rendered":"online"},"content":{"rendered":"\t\t<div data-elementor-type=\"wp-post\" data-elementor-id=\"2328\" class=\"elementor elementor-2328\">\n\t\t\t\t\t\t\t\t\t<section class=\"elementor-section elementor-top-section elementor-element elementor-element-247ac1f elementor-section-boxed elementor-section-height-default elementor-section-height-default\" data-id=\"247ac1f\" data-element_type=\"section\">\n\t\t\t\t\t\t<div class=\"elementor-container elementor-column-gap-default\">\n\t\t\t\t\t<div class=\"elementor-column elementor-col-100 elementor-top-column elementor-element elementor-element-384d5e4\" data-id=\"384d5e4\" data-element_type=\"column\">\n\t\t\t<div class=\"elementor-widget-wrap elementor-element-populated\">\n\t\t\t\t\t\t\t\t<div class=\"elementor-element elementor-element-7a91f92 elementor-widget elementor-widget-image\" data-id=\"7a91f92\" data-element_type=\"widget\" data-widget_type=\"image.default\">\n\t\t\t\t<div class=\"elementor-widget-container\">\n\t\t\t\t\t\t\t\t\t\t\t\t\t\t\t<img decoding=\"async\" src=\"https:\/\/sdk.edu.pl\/wp-content\/uploads\/elementor\/thumbs\/834c8-Bibliotekoznawstwo-i-informacja-naukowa-studia-p2y89svlc44rsu79die6jpcpob38wjy6nrv5zk82b0.jpg\" title=\"834c8-Bibliotekoznawstwo-i-informacja-naukowa-studia\" alt=\"Podpis...\" loading=\"lazy\" \/>\t\t\t\t\t\t\t\t\t\t\t\t\t\t\t<\/div>\n\t\t\t\t<\/div>\n\t\t\t\t<section class=\"elementor-section elementor-inner-section elementor-element elementor-element-f264130 elementor-section-full_width elementor-section-content-top elementor-section-height-default elementor-section-height-default\" data-id=\"f264130\" data-element_type=\"section\">\n\t\t\t\t\t\t<div class=\"elementor-container elementor-column-gap-no\">\n\t\t\t\t\t<div class=\"elementor-column elementor-col-50 elementor-inner-column elementor-element elementor-element-c09dc10\" data-id=\"c09dc10\" data-element_type=\"column\">\n\t\t\t<div class=\"elementor-widget-wrap elementor-element-populated\">\n\t\t\t\t\t\t\t\t<div class=\"elementor-element elementor-element-97dfed3 elementor-widget elementor-widget-heading\" data-id=\"97dfed3\" data-element_type=\"widget\" data-widget_type=\"heading.default\">\n\t\t\t\t<div class=\"elementor-widget-container\">\n\t\t\t<h5 class=\"elementor-heading-title elementor-size-default\">Adresaci:<\/h5>\t\t<\/div>\n\t\t\t\t<\/div>\n\t\t\t\t\t<\/div>\n\t\t<\/div>\n\t\t\t\t<div class=\"elementor-column elementor-col-50 elementor-inner-column elementor-element elementor-element-673582c\" data-id=\"673582c\" data-element_type=\"column\">\n\t\t\t<div class=\"elementor-widget-wrap elementor-element-populated\">\n\t\t\t\t\t\t\t\t<div class=\"elementor-element elementor-element-a939780 elementor-widget elementor-widget-text-editor\" data-id=\"a939780\" data-element_type=\"widget\" data-widget_type=\"text-editor.default\">\n\t\t\t\t<div class=\"elementor-widget-container\">\n\t\t\t\t\t\t\t\t\t\t\t\t\t<\/div>\n\t\t\t\t<\/div>\n\t\t\t\t<div class=\"elementor-element elementor-element-c6d40d8 elementor-widget elementor-widget-heading\" data-id=\"c6d40d8\" data-element_type=\"widget\" data-widget_type=\"heading.default\">\n\t\t\t\t<div class=\"elementor-widget-container\">\n\t\t\t<h2 class=\"elementor-heading-title elementor-size-default\">SZKOLENIA ONLINE<\/h2>\t\t<\/div>\n\t\t\t\t<\/div>\n\t\t\t\t\t<\/div>\n\t\t<\/div>\n\t\t\t\t\t\t\t<\/div>\n\t\t<\/section>\n\t\t\t\t<div class=\"elementor-element elementor-element-3d55aa1 elementor-widget elementor-widget-text-editor\" data-id=\"3d55aa1\" data-element_type=\"widget\" data-widget_type=\"text-editor.default\">\n\t\t\t\t<div class=\"elementor-widget-container\">\n\t\t\t\t\t\t\t<p>W ROKU SZKOLNYM 2023\/2024 zapraszamy na bezp\u0142atne szkolenia dla nauczycieli, kt\u00f3re realizowane b\u0119d\u0105 na platformie ClickMeeting.<\/p><p><strong>Tematyka szkole\u0144<\/strong><\/p><ol><li>Rodzina a zachowania ryzykowne u dzieci;<\/li><li>Praca z dzieckiem ze spektrum autyzmu;<\/li><li>Komunikacja bez przemocy a wychowanie;<\/li><li>Diagnoza potrzeb rozwojowych dzieci;<\/li><li>Ocenienie wewn\u0105trzszkolne;<\/li><li>Wspomaganie rozwoju uczni\u00f3w z zaburzeniami ze spektrum autyzmu;<\/li><li>Terapia zaburze\u0144 mowy;<\/li><li>Trudno\u015bci szkolne uczni\u00f3w;<\/li><li>Zabawy muzyczno &#8211; ruchowe w nauczaniu przedszkolnym i wczesnoszkolnym.<\/li><\/ol><p><strong>Udzia\u0142 w szkoleniu jest bezp\u0142atny!<\/strong><\/p><p>Koszt wydania za\u015bwiadczenia o uko\u0144czeniu doskonalenia zawodowego nauczycieli (dla ch\u0119tnych):<\/p><ul><li>skan na e-maila lub odbi\u00f3r osobisty &#8211; 10 z\u0142.<\/li><li>Poczt\u0105 na wskazany adres &#8211; 20 z\u0142.<\/li><\/ul><p><strong>Zg\u0142oszenia przyjmujemy telefonicznie lub emailem na adres: sdk5@wp.pl (w tre\u015bci wiadomo\u015bci nale\u017cy poda\u0107 temat szkolenia, imi\u0119 i nazwisko oraz numer telefonu do kontaktu).<\/strong><\/p>\t\t\t\t\t\t<\/div>\n\t\t\t\t<\/div>\n\t\t\t\t<div class=\"elementor-element elementor-element-ba2ece1 elementor-align-left elementor-widget elementor-widget-button\" data-id=\"ba2ece1\" data-element_type=\"widget\" data-widget_type=\"button.default\">\n\t\t\t\t<div class=\"elementor-widget-container\">\n\t\t\t\t\t<div class=\"elementor-button-wrapper\">\n\t\t\t<a class=\"elementor-button elementor-button-link elementor-size-sm\" href=\"https:\/\/sdk.edu.pl\/index.php\/zapisz-sie-na-szkolenie\/\">\n\t\t\t\t\t\t<span class=\"elementor-button-content-wrapper\">\n\t\t\t\t\t\t<span class=\"elementor-button-text\">ZAPISZ SI\u0118<\/span>\n\t\t<\/span>\n\t\t\t\t\t<\/a>\n\t\t<\/div>\n\t\t\t\t<\/div>\n\t\t\t\t<\/div>\n\t\t\t\t\t<\/div>\n\t\t<\/div>\n\t\t\t\t\t\t\t<\/div>\n\t\t<\/section>\n\t\t\t\t\t\t\t<\/div>\n\t\t","protected":false},"excerpt":{"rendered":"<p>Adresaci: SZKOLENIA ONLINE W ROKU SZKOLNYM 2023\/2024 zapraszamy na bezp\u0142atne szkolenia dla nauczycieli, kt\u00f3re realizowane b\u0119d\u0105 na platformie ClickMeeting. Tematyka szkole\u0144 Rodzina a zachowania ryzykowne u dzieci; Praca z dzieckiem ze spektrum autyzmu; Komunikacja bez przemocy a wychowanie; Diagnoza potrzeb rozwojowych dzieci; Ocenienie wewn\u0105trzszkolne; Wspomaganie rozwoju uczni\u00f3w z zaburzeniami ze spektrum autyzmu; Terapia zaburze\u0144 mowy; [&hellip;]<\/p>\n","protected":false},"author":1,"featured_media":0,"parent":0,"menu_order":0,"comment_status":"closed","ping_status":"closed","template":"elementor_header_footer","meta":[],"_links":{"self":[{"href":"https:\/\/sdk.edu.pl\/index.php\/wp-json\/wp\/v2\/pages\/2328"}],"collection":[{"href":"https:\/\/sdk.edu.pl\/index.php\/wp-json\/wp\/v2\/pages"}],"about":[{"href":"https:\/\/sdk.edu.pl\/index.php\/wp-json\/wp\/v2\/types\/page"}],"author":[{"embeddable":true,"href":"https:\/\/sdk.edu.pl\/index.php\/wp-json\/wp\/v2\/users\/1"}],"replies":[{"embeddable":true,"href":"https:\/\/sdk.edu.pl\/index.php\/wp-json\/wp\/v2\/comments?post=2328"}],"version-history":[{"count":26,"href":"https:\/\/sdk.edu.pl\/index.php\/wp-json\/wp\/v2\/pages\/2328\/revisions"}],"predecessor-version":[{"id":2796,"href":"https:\/\/sdk.edu.pl\/index.php\/wp-json\/wp\/v2\/pages\/2328\/revisions\/2796"}],"wp:attachment":[{"href":"https:\/\/sdk.edu.pl\/index.php\/wp-json\/wp\/v2\/media?parent=2328"}],"curies":[{"name":"wp","href":"https:\/\/api.w.org\/{rel}","templated":true}]}}