{"id":2227,"date":"2021-03-17T12:38:54","date_gmt":"2021-03-17T12:38:54","guid":{"rendered":"http:\/\/sdk.edu.pl\/?page_id=2227"},"modified":"2026-02-19T12:52:16","modified_gmt":"2026-02-19T12:52:16","slug":"diagnoza-i-terapia-pedagogiczna","status":"publish","type":"page","link":"https:\/\/sdk.edu.pl\/index.php\/diagnoza-i-terapia-pedagogiczna\/","title":{"rendered":"Pedagogika korekcyjna (terapia pedagogiczna)"},"content":{"rendered":"\t\t<div data-elementor-type=\"wp-post\" data-elementor-id=\"2227\" class=\"elementor elementor-2227\">\n\t\t\t\t\t\t\t\t\t<section class=\"elementor-section elementor-top-section elementor-element elementor-element-247ac1f elementor-section-boxed elementor-section-height-default elementor-section-height-default\" data-id=\"247ac1f\" data-element_type=\"section\">\n\t\t\t\t\t\t<div class=\"elementor-container elementor-column-gap-default\">\n\t\t\t\t\t<div class=\"elementor-column elementor-col-100 elementor-top-column elementor-element elementor-element-384d5e4\" data-id=\"384d5e4\" data-element_type=\"column\">\n\t\t\t<div class=\"elementor-widget-wrap elementor-element-populated\">\n\t\t\t\t\t\t\t\t<div class=\"elementor-element elementor-element-7a91f92 elementor-hidden-desktop elementor-hidden-tablet elementor-hidden-mobile elementor-widget elementor-widget-image\" data-id=\"7a91f92\" data-element_type=\"widget\" data-widget_type=\"image.default\">\n\t\t\t\t<div class=\"elementor-widget-container\">\n\t\t\t\t\t\t\t\t\t\t\t\t\t\t\t<img decoding=\"async\" src=\"https:\/\/sdk.edu.pl\/wp-content\/uploads\/elementor\/thumbs\/834c8-Bibliotekoznawstwo-i-informacja-naukowa-studia-p2y89svlc44rsu79die6jpcpob38wjy6nrv5zk82b0.jpg\" title=\"834c8-Bibliotekoznawstwo-i-informacja-naukowa-studia\" alt=\"Podpis...\" loading=\"lazy\" \/>\t\t\t\t\t\t\t\t\t\t\t\t\t\t\t<\/div>\n\t\t\t\t<\/div>\n\t\t\t\t<section class=\"elementor-section elementor-inner-section elementor-element elementor-element-f264130 elementor-section-full_width elementor-section-content-top elementor-section-height-default elementor-section-height-default\" data-id=\"f264130\" data-element_type=\"section\">\n\t\t\t\t\t\t<div class=\"elementor-container elementor-column-gap-no\">\n\t\t\t\t\t<div class=\"elementor-column elementor-col-50 elementor-inner-column elementor-element elementor-element-c09dc10\" data-id=\"c09dc10\" data-element_type=\"column\">\n\t\t\t<div class=\"elementor-widget-wrap elementor-element-populated\">\n\t\t\t\t\t\t\t\t<div class=\"elementor-element elementor-element-c6d40d8 elementor-widget elementor-widget-heading\" data-id=\"c6d40d8\" data-element_type=\"widget\" data-widget_type=\"heading.default\">\n\t\t\t\t<div class=\"elementor-widget-container\">\n\t\t\t<h2 class=\"elementor-heading-title elementor-size-default\">Pedagogika korekcyjna (terapia pedagogiczna)<\/h2>\t\t<\/div>\n\t\t\t\t<\/div>\n\t\t\t\t<div class=\"elementor-element elementor-element-97dfed3 elementor-widget elementor-widget-heading\" data-id=\"97dfed3\" data-element_type=\"widget\" data-widget_type=\"heading.default\">\n\t\t\t\t<div class=\"elementor-widget-container\">\n\t\t\t<h5 class=\"elementor-heading-title elementor-size-default\">Adresaci:<\/h5>\t\t<\/div>\n\t\t\t\t<\/div>\n\t\t\t\t\t<\/div>\n\t\t<\/div>\n\t\t\t\t<div class=\"elementor-column elementor-col-50 elementor-inner-column elementor-element elementor-element-673582c\" data-id=\"673582c\" data-element_type=\"column\">\n\t\t\t<div class=\"elementor-widget-wrap elementor-element-populated\">\n\t\t\t\t\t\t\t\t<div class=\"elementor-element elementor-element-a939780 elementor-widget elementor-widget-text-editor\" data-id=\"a939780\" data-element_type=\"widget\" data-widget_type=\"text-editor.default\">\n\t\t\t\t<div class=\"elementor-widget-container\">\n\t\t\t\t\t\t\t<p>3 300 z\u0142<\/p>\t\t\t\t\t\t<\/div>\n\t\t\t\t<\/div>\n\t\t\t\t\t<\/div>\n\t\t<\/div>\n\t\t\t\t\t\t\t<\/div>\n\t\t<\/section>\n\t\t\t\t<div class=\"elementor-element elementor-element-3d55aa1 elementor-widget elementor-widget-text-editor\" data-id=\"3d55aa1\" data-element_type=\"widget\" data-widget_type=\"text-editor.default\">\n\t\t\t\t<div class=\"elementor-widget-container\">\n\t\t\t\t\t\t\t<div align=\"justify\">Studia skierowane s\u0105 do os\u00f3b w wykszta\u0142ceniem wy\u017cszym licencjackim lub magisterskim w zakresie pedagogiki, kt\u00f3rzy posiadaj\u0105 przygotowanie pedagogiczne. Studia adresujemy r\u00f3wnie\u017c do os\u00f3b, kt\u00f3re chc\u0105 pracowa\u0107 jako nauczyciele terapii pedagogicznej. Zdobyte uprawnienia terapii pedagogicznej, pozwol\u0105 absolwentom znale\u017a\u0107 zatrudnienie w szko\u0142ach, plac\u00f3wkach opieku\u0144czo-wychowawczych, poradniach psychologiczno-pedagogicznych.<br \/><br \/><\/div><p><b>Cele:<\/b><\/p><div align=\"justify\">Wyposa\u017ca uczestnik\u00f3w w wiedz\u0119 i umiej\u0119tno\u015bci potrzebne do podejmowania kompleksowych, skutecznych dzia\u0142a\u0144 terapeutycznych w stosunku do uczni\u00f3w ze specyficznymi trudno\u015bciami w uczeniu si\u0119. Absolwenci uzyskuj\u0105 kwalifikacje w zakresie terapii pedagogicznej.<\/div><div align=\"justify\">\u00a0<\/div><p><b>Czas trwania: <\/b>trzy semestry<\/p><p><b>Koszt studi\u00f3w:<\/b>\u00a03 300 z\u0142 (1 100 z\u0142 za semestr)- p\u0142atne w miesi\u0119cznych ratach + 150,00 z\u0142 op\u0142ata wpisowa<\/p><p><strong>Rozpocz\u0119cie studi\u00f3w:<\/strong> pa\u017adziernik 2024 r.<\/p>\t\t\t\t\t\t<\/div>\n\t\t\t\t<\/div>\n\t\t\t\t<div class=\"elementor-element elementor-element-ba2ece1 elementor-align-left elementor-widget elementor-widget-button\" data-id=\"ba2ece1\" data-element_type=\"widget\" data-widget_type=\"button.default\">\n\t\t\t\t<div class=\"elementor-widget-container\">\n\t\t\t\t\t<div class=\"elementor-button-wrapper\">\n\t\t\t<a class=\"elementor-button elementor-button-link elementor-size-sm\" href=\"https:\/\/sdk.edu.pl\/index.php\/zapisz-sie-na-studia\/\">\n\t\t\t\t\t\t<span class=\"elementor-button-content-wrapper\">\n\t\t\t\t\t\t<span class=\"elementor-button-text\">ZAPISZ SIE NA STUDIA<\/span>\n\t\t<\/span>\n\t\t\t\t\t<\/a>\n\t\t<\/div>\n\t\t\t\t<\/div>\n\t\t\t\t<\/div>\n\t\t\t\t\t<\/div>\n\t\t<\/div>\n\t\t\t\t\t\t\t<\/div>\n\t\t<\/section>\n\t\t\t\t\t\t\t<\/div>\n\t\t","protected":false},"excerpt":{"rendered":"<p>Pedagogika korekcyjna (terapia pedagogiczna) Adresaci: 3 300 z\u0142 Studia skierowane s\u0105 do os\u00f3b w wykszta\u0142ceniem wy\u017cszym licencjackim lub magisterskim w zakresie pedagogiki, kt\u00f3rzy posiadaj\u0105 przygotowanie pedagogiczne. Studia adresujemy r\u00f3wnie\u017c do os\u00f3b, kt\u00f3re chc\u0105 pracowa\u0107 jako nauczyciele terapii pedagogicznej. Zdobyte uprawnienia terapii pedagogicznej, pozwol\u0105 absolwentom znale\u017a\u0107 zatrudnienie w szko\u0142ach, plac\u00f3wkach opieku\u0144czo-wychowawczych, poradniach psychologiczno-pedagogicznych. Cele: Wyposa\u017ca uczestnik\u00f3w [&hellip;]<\/p>\n","protected":false},"author":1,"featured_media":0,"parent":0,"menu_order":0,"comment_status":"closed","ping_status":"closed","template":"elementor_header_footer","meta":[],"_links":{"self":[{"href":"https:\/\/sdk.edu.pl\/index.php\/wp-json\/wp\/v2\/pages\/2227"}],"collection":[{"href":"https:\/\/sdk.edu.pl\/index.php\/wp-json\/wp\/v2\/pages"}],"about":[{"href":"https:\/\/sdk.edu.pl\/index.php\/wp-json\/wp\/v2\/types\/page"}],"author":[{"embeddable":true,"href":"https:\/\/sdk.edu.pl\/index.php\/wp-json\/wp\/v2\/users\/1"}],"replies":[{"embeddable":true,"href":"https:\/\/sdk.edu.pl\/index.php\/wp-json\/wp\/v2\/comments?post=2227"}],"version-history":[{"count":19,"href":"https:\/\/sdk.edu.pl\/index.php\/wp-json\/wp\/v2\/pages\/2227\/revisions"}],"predecessor-version":[{"id":3033,"href":"https:\/\/sdk.edu.pl\/index.php\/wp-json\/wp\/v2\/pages\/2227\/revisions\/3033"}],"wp:attachment":[{"href":"https:\/\/sdk.edu.pl\/index.php\/wp-json\/wp\/v2\/media?parent=2227"}],"curies":[{"name":"wp","href":"https:\/\/api.w.org\/{rel}","templated":true}]}}