{"id":2197,"date":"2021-03-17T12:33:40","date_gmt":"2021-03-17T12:33:40","guid":{"rendered":"http:\/\/sdk.edu.pl\/?page_id=2197"},"modified":"2026-02-19T12:35:08","modified_gmt":"2026-02-19T12:35:08","slug":"pedagogika-resocjalizacyjna","status":"publish","type":"page","link":"https:\/\/sdk.edu.pl\/index.php\/pedagogika-resocjalizacyjna\/","title":{"rendered":"Pedagogika resocjalizacyjna"},"content":{"rendered":"\t\t<div data-elementor-type=\"wp-post\" data-elementor-id=\"2197\" class=\"elementor elementor-2197\">\n\t\t\t\t\t\t\t\t\t<section class=\"elementor-section elementor-top-section elementor-element elementor-element-247ac1f elementor-section-boxed elementor-section-height-default elementor-section-height-default\" data-id=\"247ac1f\" data-element_type=\"section\">\n\t\t\t\t\t\t<div class=\"elementor-container elementor-column-gap-default\">\n\t\t\t\t\t<div class=\"elementor-column elementor-col-100 elementor-top-column elementor-element elementor-element-384d5e4\" data-id=\"384d5e4\" data-element_type=\"column\">\n\t\t\t<div class=\"elementor-widget-wrap elementor-element-populated\">\n\t\t\t\t\t\t\t\t<div class=\"elementor-element elementor-element-7a91f92 elementor-hidden-desktop elementor-hidden-tablet elementor-hidden-mobile elementor-widget elementor-widget-image\" data-id=\"7a91f92\" data-element_type=\"widget\" data-widget_type=\"image.default\">\n\t\t\t\t<div class=\"elementor-widget-container\">\n\t\t\t\t\t\t\t\t\t\t\t\t\t\t\t<img decoding=\"async\" src=\"https:\/\/sdk.edu.pl\/wp-content\/uploads\/elementor\/thumbs\/834c8-Bibliotekoznawstwo-i-informacja-naukowa-studia-p2y89svlc44rsu79die6jpcpob38wjy6nrv5zk82b0.jpg\" title=\"834c8-Bibliotekoznawstwo-i-informacja-naukowa-studia\" alt=\"Podpis...\" loading=\"lazy\" \/>\t\t\t\t\t\t\t\t\t\t\t\t\t\t\t<\/div>\n\t\t\t\t<\/div>\n\t\t\t\t<section class=\"elementor-section elementor-inner-section elementor-element elementor-element-f264130 elementor-section-full_width elementor-section-content-top elementor-section-height-default elementor-section-height-default\" data-id=\"f264130\" data-element_type=\"section\">\n\t\t\t\t\t\t<div class=\"elementor-container elementor-column-gap-no\">\n\t\t\t\t\t<div class=\"elementor-column elementor-col-50 elementor-inner-column elementor-element elementor-element-c09dc10\" data-id=\"c09dc10\" data-element_type=\"column\">\n\t\t\t<div class=\"elementor-widget-wrap elementor-element-populated\">\n\t\t\t\t\t\t\t\t<div class=\"elementor-element elementor-element-c6d40d8 elementor-widget elementor-widget-heading\" data-id=\"c6d40d8\" data-element_type=\"widget\" data-widget_type=\"heading.default\">\n\t\t\t\t<div class=\"elementor-widget-container\">\n\t\t\t<h2 class=\"elementor-heading-title elementor-size-default\">Pedagogika resocjalizacyjna <\/h2>\t\t<\/div>\n\t\t\t\t<\/div>\n\t\t\t\t<div class=\"elementor-element elementor-element-97dfed3 elementor-widget elementor-widget-heading\" data-id=\"97dfed3\" data-element_type=\"widget\" data-widget_type=\"heading.default\">\n\t\t\t\t<div class=\"elementor-widget-container\">\n\t\t\t<h5 class=\"elementor-heading-title elementor-size-default\">Adresaci:<\/h5>\t\t<\/div>\n\t\t\t\t<\/div>\n\t\t\t\t\t<\/div>\n\t\t<\/div>\n\t\t\t\t<div class=\"elementor-column elementor-col-50 elementor-inner-column elementor-element elementor-element-673582c\" data-id=\"673582c\" data-element_type=\"column\">\n\t\t\t<div class=\"elementor-widget-wrap elementor-element-populated\">\n\t\t\t\t\t\t\t\t<div class=\"elementor-element elementor-element-a939780 elementor-widget elementor-widget-text-editor\" data-id=\"a939780\" data-element_type=\"widget\" data-widget_type=\"text-editor.default\">\n\t\t\t\t<div class=\"elementor-widget-container\">\n\t\t\t\t\t\t\t<p>3 000 z\u0142<\/p>\t\t\t\t\t\t<\/div>\n\t\t\t\t<\/div>\n\t\t\t\t\t<\/div>\n\t\t<\/div>\n\t\t\t\t\t\t\t<\/div>\n\t\t<\/section>\n\t\t\t\t<div class=\"elementor-element elementor-element-3d55aa1 elementor-widget elementor-widget-text-editor\" data-id=\"3d55aa1\" data-element_type=\"widget\" data-widget_type=\"text-editor.default\">\n\t\t\t\t<div class=\"elementor-widget-container\">\n\t\t\t\t\t\t\t<div align=\"justify\">Nauczyciele, pedagodzy, psycholodzy, wychowawcy &#8211; pragn\u0105cy uzyska\u0107 kwalifikacje do pracy w plac\u00f3wkach resocjalizacyjnych oraz naby\u0107 kompetencje do pracy z dzie\u0107mi i m\u0142odzie\u017c\u0105 niedostosowan\u0105 spo\u0142ecznie.<\/div><div align=\"justify\">\u00a0<\/div><p><b>Cele:<\/b><\/p><div align=\"justify\">Zdobycie szerokiej, interdyscyplinarnej wiedzy, umiej\u0119tno\u015bci i kompetencji w zakresie diagnozy, metodyki i terapii resocjalizacyjnej, z uwzgl\u0119dnieniem nowatorskich strategii oddzia\u0142ywa\u0144.<\/div><p><b>Czas trwania: <\/b>trzy semestry<\/p><p><b>Koszt studi\u00f3w:<\/b> 3 000 z\u0142 (1 000,00 z\u0142 za semestr) &#8211; p\u0142atne w miesi\u0119cznych ratach + 150,00 z\u0142 op\u0142ata wpisowa<\/p><p><b>Zaj\u0119cia odbywaj\u0105 si\u0119:<\/b> \u015brednio dwa razy w miesi\u0105cu (sobota, niedziela: 8.00- 15.00)<\/p>\t\t\t\t\t\t<\/div>\n\t\t\t\t<\/div>\n\t\t\t\t<div class=\"elementor-element elementor-element-ba2ece1 elementor-align-left elementor-widget elementor-widget-button\" data-id=\"ba2ece1\" data-element_type=\"widget\" data-widget_type=\"button.default\">\n\t\t\t\t<div class=\"elementor-widget-container\">\n\t\t\t\t\t<div class=\"elementor-button-wrapper\">\n\t\t\t<a class=\"elementor-button elementor-button-link elementor-size-sm\" href=\"https:\/\/sdk.edu.pl\/index.php\/zapisz-sie-na-studia\/\">\n\t\t\t\t\t\t<span class=\"elementor-button-content-wrapper\">\n\t\t\t\t\t\t<span class=\"elementor-button-text\">ZAPISZ SIE NA STUDIA<\/span>\n\t\t<\/span>\n\t\t\t\t\t<\/a>\n\t\t<\/div>\n\t\t\t\t<\/div>\n\t\t\t\t<\/div>\n\t\t\t\t\t<\/div>\n\t\t<\/div>\n\t\t\t\t\t\t\t<\/div>\n\t\t<\/section>\n\t\t\t\t\t\t\t<\/div>\n\t\t","protected":false},"excerpt":{"rendered":"<p>Pedagogika resocjalizacyjna Adresaci: 3 000 z\u0142 Nauczyciele, pedagodzy, psycholodzy, wychowawcy &#8211; pragn\u0105cy uzyska\u0107 kwalifikacje do pracy w plac\u00f3wkach resocjalizacyjnych oraz naby\u0107 kompetencje do pracy z dzie\u0107mi i m\u0142odzie\u017c\u0105 niedostosowan\u0105 spo\u0142ecznie.\u00a0 Cele: Zdobycie szerokiej, interdyscyplinarnej wiedzy, umiej\u0119tno\u015bci i kompetencji w zakresie diagnozy, metodyki i terapii resocjalizacyjnej, z uwzgl\u0119dnieniem nowatorskich strategii oddzia\u0142ywa\u0144. Czas trwania: trzy semestry Koszt [&hellip;]<\/p>\n","protected":false},"author":1,"featured_media":0,"parent":0,"menu_order":0,"comment_status":"closed","ping_status":"closed","template":"elementor_header_footer","meta":[],"_links":{"self":[{"href":"https:\/\/sdk.edu.pl\/index.php\/wp-json\/wp\/v2\/pages\/2197"}],"collection":[{"href":"https:\/\/sdk.edu.pl\/index.php\/wp-json\/wp\/v2\/pages"}],"about":[{"href":"https:\/\/sdk.edu.pl\/index.php\/wp-json\/wp\/v2\/types\/page"}],"author":[{"embeddable":true,"href":"https:\/\/sdk.edu.pl\/index.php\/wp-json\/wp\/v2\/users\/1"}],"replies":[{"embeddable":true,"href":"https:\/\/sdk.edu.pl\/index.php\/wp-json\/wp\/v2\/comments?post=2197"}],"version-history":[{"count":14,"href":"https:\/\/sdk.edu.pl\/index.php\/wp-json\/wp\/v2\/pages\/2197\/revisions"}],"predecessor-version":[{"id":3018,"href":"https:\/\/sdk.edu.pl\/index.php\/wp-json\/wp\/v2\/pages\/2197\/revisions\/3018"}],"wp:attachment":[{"href":"https:\/\/sdk.edu.pl\/index.php\/wp-json\/wp\/v2\/media?parent=2197"}],"curies":[{"name":"wp","href":"https:\/\/api.w.org\/{rel}","templated":true}]}}