{"id":2101,"date":"2021-03-17T12:08:23","date_gmt":"2021-03-17T12:08:23","guid":{"rendered":"http:\/\/sdk.edu.pl\/?page_id=2101"},"modified":"2026-02-19T12:26:42","modified_gmt":"2026-02-19T12:26:42","slug":"doradztwo-zawodowe-i-personalne","status":"publish","type":"page","link":"https:\/\/sdk.edu.pl\/index.php\/doradztwo-zawodowe-i-personalne\/","title":{"rendered":"Doradztwo zawodowe i personalne"},"content":{"rendered":"\t\t<div data-elementor-type=\"wp-post\" data-elementor-id=\"2101\" class=\"elementor elementor-2101\">\n\t\t\t\t\t\t\t\t\t<section class=\"elementor-section elementor-top-section elementor-element elementor-element-247ac1f elementor-section-boxed elementor-section-height-default elementor-section-height-default\" data-id=\"247ac1f\" data-element_type=\"section\">\n\t\t\t\t\t\t<div class=\"elementor-container elementor-column-gap-default\">\n\t\t\t\t\t<div class=\"elementor-column elementor-col-100 elementor-top-column elementor-element elementor-element-384d5e4\" data-id=\"384d5e4\" data-element_type=\"column\">\n\t\t\t<div class=\"elementor-widget-wrap elementor-element-populated\">\n\t\t\t\t\t\t\t\t<div class=\"elementor-element elementor-element-7a91f92 elementor-hidden-desktop elementor-hidden-tablet elementor-hidden-mobile elementor-widget elementor-widget-image\" data-id=\"7a91f92\" data-element_type=\"widget\" data-widget_type=\"image.default\">\n\t\t\t\t<div class=\"elementor-widget-container\">\n\t\t\t\t\t\t\t\t\t\t\t\t\t\t\t<img decoding=\"async\" src=\"https:\/\/sdk.edu.pl\/wp-content\/uploads\/elementor\/thumbs\/834c8-Bibliotekoznawstwo-i-informacja-naukowa-studia-p2y89svlc44rsu79die6jpcpob38wjy6nrv5zk82b0.jpg\" title=\"834c8-Bibliotekoznawstwo-i-informacja-naukowa-studia\" alt=\"Podpis...\" loading=\"lazy\" \/>\t\t\t\t\t\t\t\t\t\t\t\t\t\t\t<\/div>\n\t\t\t\t<\/div>\n\t\t\t\t<section class=\"elementor-section elementor-inner-section elementor-element elementor-element-f264130 elementor-section-full_width elementor-section-content-top elementor-section-height-default elementor-section-height-default\" data-id=\"f264130\" data-element_type=\"section\">\n\t\t\t\t\t\t<div class=\"elementor-container elementor-column-gap-no\">\n\t\t\t\t\t<div class=\"elementor-column elementor-col-50 elementor-inner-column elementor-element elementor-element-c09dc10\" data-id=\"c09dc10\" data-element_type=\"column\">\n\t\t\t<div class=\"elementor-widget-wrap elementor-element-populated\">\n\t\t\t\t\t\t\t\t<div class=\"elementor-element elementor-element-c6d40d8 elementor-widget elementor-widget-heading\" data-id=\"c6d40d8\" data-element_type=\"widget\" data-widget_type=\"heading.default\">\n\t\t\t\t<div class=\"elementor-widget-container\">\n\t\t\t<h2 class=\"elementor-heading-title elementor-size-default\">Doradztwo zawodowe i personalne<\/h2>\t\t<\/div>\n\t\t\t\t<\/div>\n\t\t\t\t<div class=\"elementor-element elementor-element-97dfed3 elementor-widget elementor-widget-heading\" data-id=\"97dfed3\" data-element_type=\"widget\" data-widget_type=\"heading.default\">\n\t\t\t\t<div class=\"elementor-widget-container\">\n\t\t\t<h5 class=\"elementor-heading-title elementor-size-default\">Adresaci:<\/h5>\t\t<\/div>\n\t\t\t\t<\/div>\n\t\t\t\t\t<\/div>\n\t\t<\/div>\n\t\t\t\t<div class=\"elementor-column elementor-col-50 elementor-inner-column elementor-element elementor-element-673582c\" data-id=\"673582c\" data-element_type=\"column\">\n\t\t\t<div class=\"elementor-widget-wrap elementor-element-populated\">\n\t\t\t\t\t\t\t\t<div class=\"elementor-element elementor-element-a939780 elementor-widget elementor-widget-text-editor\" data-id=\"a939780\" data-element_type=\"widget\" data-widget_type=\"text-editor.default\">\n\t\t\t\t<div class=\"elementor-widget-container\">\n\t\t\t\t\t\t\t<p>2700 z\u0142<\/p>\t\t\t\t\t\t<\/div>\n\t\t\t\t<\/div>\n\t\t\t\t\t<\/div>\n\t\t<\/div>\n\t\t\t\t\t\t\t<\/div>\n\t\t<\/section>\n\t\t\t\t<div class=\"elementor-element elementor-element-3d55aa1 elementor-widget elementor-widget-text-editor\" data-id=\"3d55aa1\" data-element_type=\"widget\" data-widget_type=\"text-editor.default\">\n\t\t\t\t<div class=\"elementor-widget-container\">\n\t\t\t\t\t\t\t<div align=\"justify\">Studia skierowane s\u0105 do absolwent\u00f3w studi\u00f3w magisterskich, nauczycieli, obecnych lub przysz\u0142ych pracownik\u00f3w Urz\u0119d\u00f3w Pracy, dzia\u0142\u00f3w personalnych w firmach, Poradni Psychologiczno-Pedagogicznych, klub\u00f3w pracy, o\u015brodk\u00f3w m\u0142odzie\u017cowych. Absolwenci tego kierunku zdob\u0119d\u0105 kompetencje doradcy zawodowego, uprawniaj\u0105ce ich do pracy w sektorach odpowiedzialnych za polityk\u0119 personaln\u0105 firmy oraz w szko\u0142ach.<\/div><div align=\"justify\"><br><\/div>\n<p><b>Cele:<\/b><\/p>\n<div align=\"justify\">Studia podyplomowe dostarczaj\u0105 szerokiej, interdyscyplinarnej wiedzy merytorycznej i metodycznej przygotowuj\u0105cej uczestnik\u00f3w do pracy w charakterze profesjonalnych doradc\u00f3w zawodowych i personalnych. Podyplomowe Doradztwo zawodowe wyposa\u017cy uczestnik\u00f3w w kompendium wiedzy zawodoznawczej, wykszta\u0142cenie umiej\u0119tno\u015bci i metod doradczych, zainspirowanie do samokszta\u0142cenia i tworzenia w\u0142asnych narz\u0119dzi pracy.<\/div>\n<p><\/p>\n<p><b>Czas trwania: <\/b>trzy semestry<\/p>\n<p><b>Koszt studi\u00f3w:<\/b> 2 700 z\u0142.(900 z\u0142 za semestr)- p\u0142atne w miesi\u0119cznych ratach + 150,00 z\u0142 op\u0142ata wpisowa<\/p>\t\t\t\t\t\t<\/div>\n\t\t\t\t<\/div>\n\t\t\t\t<div class=\"elementor-element elementor-element-ba2ece1 elementor-align-left elementor-widget elementor-widget-button\" data-id=\"ba2ece1\" data-element_type=\"widget\" data-widget_type=\"button.default\">\n\t\t\t\t<div class=\"elementor-widget-container\">\n\t\t\t\t\t<div class=\"elementor-button-wrapper\">\n\t\t\t<a class=\"elementor-button elementor-button-link elementor-size-sm\" href=\"https:\/\/sdk.edu.pl\/index.php\/zapisz-sie-na-studia\/\">\n\t\t\t\t\t\t<span class=\"elementor-button-content-wrapper\">\n\t\t\t\t\t\t<span class=\"elementor-button-text\">ZAPISZ SIE NA STUDIA<\/span>\n\t\t<\/span>\n\t\t\t\t\t<\/a>\n\t\t<\/div>\n\t\t\t\t<\/div>\n\t\t\t\t<\/div>\n\t\t\t\t\t<\/div>\n\t\t<\/div>\n\t\t\t\t\t\t\t<\/div>\n\t\t<\/section>\n\t\t\t\t\t\t\t<\/div>\n\t\t","protected":false},"excerpt":{"rendered":"<p>Doradztwo zawodowe i personalne Adresaci: 2700 z\u0142 Studia skierowane s\u0105 do absolwent\u00f3w studi\u00f3w magisterskich, nauczycieli, obecnych lub przysz\u0142ych pracownik\u00f3w Urz\u0119d\u00f3w Pracy, dzia\u0142\u00f3w personalnych w firmach, Poradni Psychologiczno-Pedagogicznych, klub\u00f3w pracy, o\u015brodk\u00f3w m\u0142odzie\u017cowych. Absolwenci tego kierunku zdob\u0119d\u0105 kompetencje doradcy zawodowego, uprawniaj\u0105ce ich do pracy w sektorach odpowiedzialnych za polityk\u0119 personaln\u0105 firmy oraz w szko\u0142ach. Cele: Studia podyplomowe [&hellip;]<\/p>\n","protected":false},"author":1,"featured_media":0,"parent":0,"menu_order":0,"comment_status":"closed","ping_status":"closed","template":"elementor_header_footer","meta":[],"_links":{"self":[{"href":"https:\/\/sdk.edu.pl\/index.php\/wp-json\/wp\/v2\/pages\/2101"}],"collection":[{"href":"https:\/\/sdk.edu.pl\/index.php\/wp-json\/wp\/v2\/pages"}],"about":[{"href":"https:\/\/sdk.edu.pl\/index.php\/wp-json\/wp\/v2\/types\/page"}],"author":[{"embeddable":true,"href":"https:\/\/sdk.edu.pl\/index.php\/wp-json\/wp\/v2\/users\/1"}],"replies":[{"embeddable":true,"href":"https:\/\/sdk.edu.pl\/index.php\/wp-json\/wp\/v2\/comments?post=2101"}],"version-history":[{"count":8,"href":"https:\/\/sdk.edu.pl\/index.php\/wp-json\/wp\/v2\/pages\/2101\/revisions"}],"predecessor-version":[{"id":2979,"href":"https:\/\/sdk.edu.pl\/index.php\/wp-json\/wp\/v2\/pages\/2101\/revisions\/2979"}],"wp:attachment":[{"href":"https:\/\/sdk.edu.pl\/index.php\/wp-json\/wp\/v2\/media?parent=2101"}],"curies":[{"name":"wp","href":"https:\/\/api.w.org\/{rel}","templated":true}]}}