{"id":2087,"date":"2021-03-17T12:03:46","date_gmt":"2021-03-17T12:03:46","guid":{"rendered":"http:\/\/sdk.edu.pl\/?page_id=2087"},"modified":"2026-02-19T12:57:42","modified_gmt":"2026-02-19T12:57:42","slug":"wczesne-nauczanie-jezyka-angielskiego","status":"publish","type":"page","link":"https:\/\/sdk.edu.pl\/index.php\/wczesne-nauczanie-jezyka-angielskiego\/","title":{"rendered":"Wczesne nauczanie j\u0119zyka angielskiego"},"content":{"rendered":"\t\t<div data-elementor-type=\"wp-post\" data-elementor-id=\"2087\" class=\"elementor elementor-2087\">\n\t\t\t\t\t\t\t\t\t<section class=\"elementor-section elementor-top-section elementor-element elementor-element-247ac1f elementor-section-boxed elementor-section-height-default elementor-section-height-default\" data-id=\"247ac1f\" data-element_type=\"section\">\n\t\t\t\t\t\t<div class=\"elementor-container elementor-column-gap-default\">\n\t\t\t\t\t<div class=\"elementor-column elementor-col-100 elementor-top-column elementor-element elementor-element-384d5e4\" data-id=\"384d5e4\" data-element_type=\"column\">\n\t\t\t<div class=\"elementor-widget-wrap elementor-element-populated\">\n\t\t\t\t\t\t\t\t<section class=\"elementor-section elementor-inner-section elementor-element elementor-element-f264130 elementor-section-full_width elementor-section-content-top elementor-section-height-default elementor-section-height-default\" data-id=\"f264130\" data-element_type=\"section\">\n\t\t\t\t\t\t<div class=\"elementor-container elementor-column-gap-no\">\n\t\t\t\t\t<div class=\"elementor-column elementor-col-50 elementor-inner-column elementor-element elementor-element-c09dc10\" data-id=\"c09dc10\" data-element_type=\"column\">\n\t\t\t<div class=\"elementor-widget-wrap elementor-element-populated\">\n\t\t\t\t\t\t\t\t<div class=\"elementor-element elementor-element-c6d40d8 elementor-widget elementor-widget-heading\" data-id=\"c6d40d8\" data-element_type=\"widget\" data-widget_type=\"heading.default\">\n\t\t\t\t<div class=\"elementor-widget-container\">\n\t\t\t<h2 class=\"elementor-heading-title elementor-size-default\">Wczesne nauczanie j\u0119zyka angielskiego<\/h2>\t\t<\/div>\n\t\t\t\t<\/div>\n\t\t\t\t<div class=\"elementor-element elementor-element-97dfed3 elementor-widget elementor-widget-heading\" data-id=\"97dfed3\" data-element_type=\"widget\" data-widget_type=\"heading.default\">\n\t\t\t\t<div class=\"elementor-widget-container\">\n\t\t\t<h5 class=\"elementor-heading-title elementor-size-default\">Adresaci: <\/h5>\t\t<\/div>\n\t\t\t\t<\/div>\n\t\t\t\t\t<\/div>\n\t\t<\/div>\n\t\t\t\t<div class=\"elementor-column elementor-col-50 elementor-inner-column elementor-element elementor-element-673582c\" data-id=\"673582c\" data-element_type=\"column\">\n\t\t\t<div class=\"elementor-widget-wrap elementor-element-populated\">\n\t\t\t\t\t\t\t\t<div class=\"elementor-element elementor-element-a939780 elementor-widget elementor-widget-text-editor\" data-id=\"a939780\" data-element_type=\"widget\" data-widget_type=\"text-editor.default\">\n\t\t\t\t<div class=\"elementor-widget-container\">\n\t\t\t\t\t\t\t<p>1350 z\u0142<\/p>\t\t\t\t\t\t<\/div>\n\t\t\t\t<\/div>\n\t\t\t\t\t<\/div>\n\t\t<\/div>\n\t\t\t\t\t\t\t<\/div>\n\t\t<\/section>\n\t\t\t\t<div class=\"elementor-element elementor-element-3d55aa1 elementor-widget elementor-widget-text-editor\" data-id=\"3d55aa1\" data-element_type=\"widget\" data-widget_type=\"text-editor.default\">\n\t\t\t\t<div class=\"elementor-widget-container\">\n\t\t\t\t\t\t\t<div align=\"justify\">\n<div align=\"justify\">\n<div align=\"justify\">Czynni zawodowo nauczyciele edukacji wczesnoszkolnej posiadaj\u0105cy umiej\u0119tno\u015bci pos\u0142ugiwania si\u0119 j\u0119zykiem angielskim.<\/div><div align=\"justify\"><b style=\"color: var( --e-global-color-text ); font-style: inherit;\">Cele:<\/b><br><\/div>\n<div align=\"justify\">\n<ul>\n<li>Rozwijanie rozumienia zasad komunikacji w j\u0119zyku obcym oraz wiedz\u0119 o krajach danego obszaru j\u0119zykowego.<\/li>\n<li>Zapoznanie z podstawowymi poj\u0119ciami i teoriami wczesnego naucznia j\u0119zyka angielskiego.<\/li>\n<li>Poznanie technik wczesnego nauczania j\u0119zyka angielskiego.<\/li>\n<li>Przygotowanie nauczyciela do korzystania z literatury obcoj\u0119zycznej.<\/li>\n<\/ul>\n<\/div>\n<p><b style=\"color: var( --e-global-color-text );\">Zakres programowy:<\/b><\/p>\n<ul>\n<li><span style=\"font-size: small;\">Rozwijanie sprawno\u015bci m\u00f3wienia, pisania i czytania w j\u0119zyku angielskim;<\/span><\/li>\n<li><span style=\"font-size: small;\">Metodyka wczesnego nauczania j\u0119zyka angielskiego;<\/span><\/li>\n<li><span style=\"font-size: small;\">Organizacja pracy w\u0142asnej.<\/span><\/li>\n<\/ul>\n<p><b>Czas trwania:<\/b> 240 godz. (2 semestry)<\/p>\n<p><b>Odp\u0142atno\u015b\u0107:<\/b> 1350 z\u0142. &#8211; p\u0142atne w miesi\u0119cznych ratach<\/p>\n<\/div>\n<\/div>\t\t\t\t\t\t<\/div>\n\t\t\t\t<\/div>\n\t\t\t\t<div class=\"elementor-element elementor-element-ba2ece1 elementor-align-left elementor-widget elementor-widget-button\" data-id=\"ba2ece1\" data-element_type=\"widget\" data-widget_type=\"button.default\">\n\t\t\t\t<div class=\"elementor-widget-container\">\n\t\t\t\t\t<div class=\"elementor-button-wrapper\">\n\t\t\t<a class=\"elementor-button elementor-button-link elementor-size-sm\" href=\"https:\/\/sdk.edu.pl\/index.php\/zapisz-sie-na-kurs\/\">\n\t\t\t\t\t\t<span class=\"elementor-button-content-wrapper\">\n\t\t\t\t\t\t<span class=\"elementor-button-text\">ZAPISZ SIE NA KURS<\/span>\n\t\t<\/span>\n\t\t\t\t\t<\/a>\n\t\t<\/div>\n\t\t\t\t<\/div>\n\t\t\t\t<\/div>\n\t\t\t\t\t<\/div>\n\t\t<\/div>\n\t\t\t\t\t\t\t<\/div>\n\t\t<\/section>\n\t\t\t\t\t\t\t<\/div>\n\t\t","protected":false},"excerpt":{"rendered":"<p>Wczesne nauczanie j\u0119zyka angielskiego Adresaci: 1350 z\u0142 Czynni zawodowo nauczyciele edukacji wczesnoszkolnej posiadaj\u0105cy umiej\u0119tno\u015bci pos\u0142ugiwania si\u0119 j\u0119zykiem angielskim.Cele: Rozwijanie rozumienia zasad komunikacji w j\u0119zyku obcym oraz wiedz\u0119 o krajach danego obszaru j\u0119zykowego. Zapoznanie z podstawowymi poj\u0119ciami i teoriami wczesnego naucznia j\u0119zyka angielskiego. Poznanie technik wczesnego nauczania j\u0119zyka angielskiego. Przygotowanie nauczyciela do korzystania z literatury obcoj\u0119zycznej. [&hellip;]<\/p>\n","protected":false},"author":1,"featured_media":0,"parent":0,"menu_order":0,"comment_status":"closed","ping_status":"closed","template":"elementor_header_footer","meta":[],"_links":{"self":[{"href":"https:\/\/sdk.edu.pl\/index.php\/wp-json\/wp\/v2\/pages\/2087"}],"collection":[{"href":"https:\/\/sdk.edu.pl\/index.php\/wp-json\/wp\/v2\/pages"}],"about":[{"href":"https:\/\/sdk.edu.pl\/index.php\/wp-json\/wp\/v2\/types\/page"}],"author":[{"embeddable":true,"href":"https:\/\/sdk.edu.pl\/index.php\/wp-json\/wp\/v2\/users\/1"}],"replies":[{"embeddable":true,"href":"https:\/\/sdk.edu.pl\/index.php\/wp-json\/wp\/v2\/comments?post=2087"}],"version-history":[{"count":8,"href":"https:\/\/sdk.edu.pl\/index.php\/wp-json\/wp\/v2\/pages\/2087\/revisions"}],"predecessor-version":[{"id":3057,"href":"https:\/\/sdk.edu.pl\/index.php\/wp-json\/wp\/v2\/pages\/2087\/revisions\/3057"}],"wp:attachment":[{"href":"https:\/\/sdk.edu.pl\/index.php\/wp-json\/wp\/v2\/media?parent=2087"}],"curies":[{"name":"wp","href":"https:\/\/api.w.org\/{rel}","templated":true}]}}