{"id":2075,"date":"2021-03-17T12:01:40","date_gmt":"2021-03-17T12:01:40","guid":{"rendered":"http:\/\/sdk.edu.pl\/?page_id=2075"},"modified":"2026-02-19T12:57:12","modified_gmt":"2026-02-19T12:57:12","slug":"pedagogika-specjalna-dla-nauczycieli-praktycznej-nauki-zawodu","status":"publish","type":"page","link":"https:\/\/sdk.edu.pl\/index.php\/pedagogika-specjalna-dla-nauczycieli-praktycznej-nauki-zawodu\/","title":{"rendered":"Pedagogika specjalna dla nauczycieli praktycznej nauki zawodu"},"content":{"rendered":"\t\t<div data-elementor-type=\"wp-post\" data-elementor-id=\"2075\" class=\"elementor elementor-2075\">\n\t\t\t\t\t\t\t\t\t<section class=\"elementor-section elementor-top-section elementor-element elementor-element-247ac1f elementor-section-boxed elementor-section-height-default elementor-section-height-default\" data-id=\"247ac1f\" data-element_type=\"section\">\n\t\t\t\t\t\t<div class=\"elementor-container elementor-column-gap-default\">\n\t\t\t\t\t<div class=\"elementor-column elementor-col-100 elementor-top-column elementor-element elementor-element-384d5e4\" data-id=\"384d5e4\" data-element_type=\"column\">\n\t\t\t<div class=\"elementor-widget-wrap elementor-element-populated\">\n\t\t\t\t\t\t\t\t<section class=\"elementor-section elementor-inner-section elementor-element elementor-element-f264130 elementor-section-full_width elementor-section-content-top elementor-section-height-default elementor-section-height-default\" data-id=\"f264130\" data-element_type=\"section\">\n\t\t\t\t\t\t<div class=\"elementor-container elementor-column-gap-no\">\n\t\t\t\t\t<div class=\"elementor-column elementor-col-50 elementor-inner-column elementor-element elementor-element-c09dc10\" data-id=\"c09dc10\" data-element_type=\"column\">\n\t\t\t<div class=\"elementor-widget-wrap elementor-element-populated\">\n\t\t\t\t\t\t\t\t<div class=\"elementor-element elementor-element-c6d40d8 elementor-widget elementor-widget-heading\" data-id=\"c6d40d8\" data-element_type=\"widget\" data-widget_type=\"heading.default\">\n\t\t\t\t<div class=\"elementor-widget-container\">\n\t\t\t<h2 class=\"elementor-heading-title elementor-size-default\">Pedagogika specjalna dla nauczycieli praktycznej nauki zawodu<\/h2>\t\t<\/div>\n\t\t\t\t<\/div>\n\t\t\t\t<div class=\"elementor-element elementor-element-97dfed3 elementor-widget elementor-widget-heading\" data-id=\"97dfed3\" data-element_type=\"widget\" data-widget_type=\"heading.default\">\n\t\t\t\t<div class=\"elementor-widget-container\">\n\t\t\t<h5 class=\"elementor-heading-title elementor-size-default\">Adresaci: <\/h5>\t\t<\/div>\n\t\t\t\t<\/div>\n\t\t\t\t\t<\/div>\n\t\t<\/div>\n\t\t\t\t<div class=\"elementor-column elementor-col-50 elementor-inner-column elementor-element elementor-element-673582c\" data-id=\"673582c\" data-element_type=\"column\">\n\t\t\t<div class=\"elementor-widget-wrap elementor-element-populated\">\n\t\t\t\t\t\t\t\t<div class=\"elementor-element elementor-element-a939780 elementor-widget elementor-widget-text-editor\" data-id=\"a939780\" data-element_type=\"widget\" data-widget_type=\"text-editor.default\">\n\t\t\t\t<div class=\"elementor-widget-container\">\n\t\t\t\t\t\t\t<p>800 z\u0142<\/p>\t\t\t\t\t\t<\/div>\n\t\t\t\t<\/div>\n\t\t\t\t\t<\/div>\n\t\t<\/div>\n\t\t\t\t\t\t\t<\/div>\n\t\t<\/section>\n\t\t\t\t<div class=\"elementor-element elementor-element-3d55aa1 elementor-widget elementor-widget-text-editor\" data-id=\"3d55aa1\" data-element_type=\"widget\" data-widget_type=\"text-editor.default\">\n\t\t\t\t<div class=\"elementor-widget-container\">\n\t\t\t\t\t\t\t<div align=\"justify\">\n<div align=\"justify\">\n<div align=\"justify\">\n<div align=\"justify\">Kurs przeznaczony jest dla nauczycieli praktycznej nauki zawodu pracuj\u0105cych w plac\u00f3wkach specjalnych dla m\u0142odzie\u017cy o r\u00f3\u017cnych niepe\u0142nosprawno\u015bciach.<\/div><div align=\"justify\"><br><\/div>\n<p><b>Cele:&nbsp;<\/b><span style=\"color: var( --e-global-color-text );\">Wyposa\u017cenie nauczycieli w wiedz\u0119 i umiej\u0119tno\u015bci praktyczne z zakresu pedagogiki specjalnej.<\/span><\/p>\n<div align=\"left\"><b>Zakres programowy:<\/b><\/div>\n<ul>\n<li><span style=\"font-size: small;\">Pedagogika specjalna<\/span><\/li>\n<li><span style=\"font-size: small;\">Oligofrenopedagogika<\/span><\/li>\n<li><span style=\"font-size: small;\">Podstawy psychologiczne rewalidacji i resocjalizacji<\/span><\/li>\n<li><span style=\"font-size: small;\">Ortodydaktyka szko\u0142y zawodowej<\/span><\/li>\n<li><span style=\"font-size: small;\">Warsztaty umiej\u0119tno\u015bci interpersonalnych<\/span><\/li>\n<\/ul>\n<p><b>Czas trwania:<\/b> 150 godz. (2 semestry).<\/p>\n<p><b>Odp\u0142atno\u015b\u0107:<\/b> 800 z\u0142. (za ca\u0142o\u015b\u0107) &#8211; p\u0142atne w miesi\u0119cznych ratach<\/p>\n<\/div>\n<\/div>\n<\/div>\t\t\t\t\t\t<\/div>\n\t\t\t\t<\/div>\n\t\t\t\t<div class=\"elementor-element elementor-element-ba2ece1 elementor-align-left elementor-widget elementor-widget-button\" data-id=\"ba2ece1\" data-element_type=\"widget\" data-widget_type=\"button.default\">\n\t\t\t\t<div class=\"elementor-widget-container\">\n\t\t\t\t\t<div class=\"elementor-button-wrapper\">\n\t\t\t<a class=\"elementor-button elementor-button-link elementor-size-sm\" href=\"https:\/\/sdk.edu.pl\/index.php\/zapisz-sie-na-kurs\/\">\n\t\t\t\t\t\t<span class=\"elementor-button-content-wrapper\">\n\t\t\t\t\t\t<span class=\"elementor-button-text\">ZAPISZ SIE NA KURS<\/span>\n\t\t<\/span>\n\t\t\t\t\t<\/a>\n\t\t<\/div>\n\t\t\t\t<\/div>\n\t\t\t\t<\/div>\n\t\t\t\t\t<\/div>\n\t\t<\/div>\n\t\t\t\t\t\t\t<\/div>\n\t\t<\/section>\n\t\t\t\t\t\t\t<\/div>\n\t\t","protected":false},"excerpt":{"rendered":"<p>Pedagogika specjalna dla nauczycieli praktycznej nauki zawodu Adresaci: 800 z\u0142 Kurs przeznaczony jest dla nauczycieli praktycznej nauki zawodu pracuj\u0105cych w plac\u00f3wkach specjalnych dla m\u0142odzie\u017cy o r\u00f3\u017cnych niepe\u0142nosprawno\u015bciach. Cele:&nbsp;Wyposa\u017cenie nauczycieli w wiedz\u0119 i umiej\u0119tno\u015bci praktyczne z zakresu pedagogiki specjalnej. Zakres programowy: Pedagogika specjalna Oligofrenopedagogika Podstawy psychologiczne rewalidacji i resocjalizacji Ortodydaktyka szko\u0142y zawodowej Warsztaty umiej\u0119tno\u015bci interpersonalnych Czas [&hellip;]<\/p>\n","protected":false},"author":1,"featured_media":0,"parent":0,"menu_order":0,"comment_status":"closed","ping_status":"closed","template":"elementor_header_footer","meta":[],"_links":{"self":[{"href":"https:\/\/sdk.edu.pl\/index.php\/wp-json\/wp\/v2\/pages\/2075"}],"collection":[{"href":"https:\/\/sdk.edu.pl\/index.php\/wp-json\/wp\/v2\/pages"}],"about":[{"href":"https:\/\/sdk.edu.pl\/index.php\/wp-json\/wp\/v2\/types\/page"}],"author":[{"embeddable":true,"href":"https:\/\/sdk.edu.pl\/index.php\/wp-json\/wp\/v2\/users\/1"}],"replies":[{"embeddable":true,"href":"https:\/\/sdk.edu.pl\/index.php\/wp-json\/wp\/v2\/comments?post=2075"}],"version-history":[{"count":11,"href":"https:\/\/sdk.edu.pl\/index.php\/wp-json\/wp\/v2\/pages\/2075\/revisions"}],"predecessor-version":[{"id":3054,"href":"https:\/\/sdk.edu.pl\/index.php\/wp-json\/wp\/v2\/pages\/2075\/revisions\/3054"}],"wp:attachment":[{"href":"https:\/\/sdk.edu.pl\/index.php\/wp-json\/wp\/v2\/media?parent=2075"}],"curies":[{"name":"wp","href":"https:\/\/api.w.org\/{rel}","templated":true}]}}