{"id":2033,"date":"2021-03-17T11:46:59","date_gmt":"2021-03-17T11:46:59","guid":{"rendered":"http:\/\/sdk.edu.pl\/?page_id=2033"},"modified":"2026-02-19T12:55:44","modified_gmt":"2026-02-19T12:55:44","slug":"organizacja-i-zarzadzanie-oswiata","status":"publish","type":"page","link":"https:\/\/sdk.edu.pl\/index.php\/organizacja-i-zarzadzanie-oswiata\/","title":{"rendered":"Organizacja i zarz\u0105dzanie o\u015bwiat\u0105"},"content":{"rendered":"\t\t<div data-elementor-type=\"wp-post\" data-elementor-id=\"2033\" class=\"elementor elementor-2033\">\n\t\t\t\t\t\t\t\t\t<section class=\"elementor-section elementor-top-section elementor-element elementor-element-247ac1f elementor-section-boxed elementor-section-height-default elementor-section-height-default\" data-id=\"247ac1f\" data-element_type=\"section\">\n\t\t\t\t\t\t<div class=\"elementor-container elementor-column-gap-default\">\n\t\t\t\t\t<div class=\"elementor-column elementor-col-100 elementor-top-column elementor-element elementor-element-384d5e4\" data-id=\"384d5e4\" data-element_type=\"column\">\n\t\t\t<div class=\"elementor-widget-wrap elementor-element-populated\">\n\t\t\t\t\t\t\t\t<section class=\"elementor-section elementor-inner-section elementor-element elementor-element-f264130 elementor-section-full_width elementor-section-content-top elementor-section-height-default elementor-section-height-default\" data-id=\"f264130\" data-element_type=\"section\">\n\t\t\t\t\t\t<div class=\"elementor-container elementor-column-gap-no\">\n\t\t\t\t\t<div class=\"elementor-column elementor-col-50 elementor-inner-column elementor-element elementor-element-c09dc10\" data-id=\"c09dc10\" data-element_type=\"column\">\n\t\t\t<div class=\"elementor-widget-wrap elementor-element-populated\">\n\t\t\t\t\t\t\t\t<div class=\"elementor-element elementor-element-c6d40d8 elementor-widget elementor-widget-heading\" data-id=\"c6d40d8\" data-element_type=\"widget\" data-widget_type=\"heading.default\">\n\t\t\t\t<div class=\"elementor-widget-container\">\n\t\t\t<h2 class=\"elementor-heading-title elementor-size-default\">Organizacja i zarz\u0105dzanie o\u015bwiat\u0105<\/h2>\t\t<\/div>\n\t\t\t\t<\/div>\n\t\t\t\t<div class=\"elementor-element elementor-element-97dfed3 elementor-widget elementor-widget-heading\" data-id=\"97dfed3\" data-element_type=\"widget\" data-widget_type=\"heading.default\">\n\t\t\t\t<div class=\"elementor-widget-container\">\n\t\t\t<h5 class=\"elementor-heading-title elementor-size-default\">Adresaci:<\/h5>\t\t<\/div>\n\t\t\t\t<\/div>\n\t\t\t\t\t<\/div>\n\t\t<\/div>\n\t\t\t\t<div class=\"elementor-column elementor-col-50 elementor-inner-column elementor-element elementor-element-673582c\" data-id=\"673582c\" data-element_type=\"column\">\n\t\t\t<div class=\"elementor-widget-wrap elementor-element-populated\">\n\t\t\t\t\t\t\t\t<div class=\"elementor-element elementor-element-a939780 elementor-widget elementor-widget-text-editor\" data-id=\"a939780\" data-element_type=\"widget\" data-widget_type=\"text-editor.default\">\n\t\t\t\t<div class=\"elementor-widget-container\">\n\t\t\t\t\t\t\t<p>1000 z\u0142<\/p>\t\t\t\t\t\t<\/div>\n\t\t\t\t<\/div>\n\t\t\t\t\t<\/div>\n\t\t<\/div>\n\t\t\t\t\t\t\t<\/div>\n\t\t<\/section>\n\t\t\t\t<div class=\"elementor-element elementor-element-3d55aa1 elementor-widget elementor-widget-text-editor\" data-id=\"3d55aa1\" data-element_type=\"widget\" data-widget_type=\"text-editor.default\">\n\t\t\t\t<div class=\"elementor-widget-container\">\n\t\t\t\t\t\t\t<div align=\"justify\">Czynni zawodowo nauczyciele, dyrektorzy, wicedyrektorzy przedszkoli, szk\u00f3\u0142 podstawowych, gimnazj\u00f3w, szk\u00f3\u0142 ponadgimnazjalnych.<\/div><p><b style=\"font-style: inherit; color: var( --e-global-color-text );\">Cele:\u00a0<\/b><span style=\"font-style: inherit; color: var( --e-global-color-text );\">Wyposa\u017cenie uczestnik\u00f3w kursu w wiedze i umiej\u0119tno\u015bci potrzebne do sprawnego i tw\u00f3rczego zarz\u0105dzania szko\u0142\u0105 lub plac\u00f3wk\u0105 o\u015bwiatow\u0105 z uwzgl\u0119dnieniem wymog\u00f3w reformy edukacji.<\/span><\/p><p><b style=\"font-style: inherit; color: var( --e-global-color-text );\">Zakres programowy:<\/b><\/p><ul><li><span style=\"font-size: small;\">Og\u00f3lna teoria organizacji i zarz\u0105dzania<\/span><\/li><li><span style=\"font-size: small;\">Prawo o\u015bwiatowe<\/span><\/li><li><span style=\"font-size: small;\">Psychologia w kierowaniu plac\u00f3wk\u0105 o\u015bwiatow\u0105<\/span><\/li><li><span style=\"font-size: small;\">Kierowanie zmian\u0105<\/span><\/li><li><span style=\"font-size: small;\">Zarz\u0105dzanie jako\u015bci\u0105 pracy szko\u0142y\/plac\u00f3wki<\/span><\/li><li><span style=\"font-size: small;\">Kierowanie i administrowanie plac\u00f3wka o\u015bwiatow\u0105<\/span><\/li><li><span style=\"font-size: small;\">Projektowanie programu plac\u00f3wki o\u015bwiatowej<\/span><\/li><li><span style=\"font-size: small;\">Organizacja procesu pedagogicznego w warunkach reformy systemu edukacji<\/span><\/li><li><span style=\"font-size: small;\">Plac\u00f3wka a \u015brodowisko lokalne<\/span><\/li><li><span style=\"font-size: small;\">Praktyka kierownicza<\/span><\/li><li><span style=\"font-size: small;\">Seminarium dyplomowe<\/span><\/li><\/ul><p><b>Czas trwania<\/b>: 210 godz. (2 semestry)<\/p><p><b>Odp\u0142atno\u015b\u0107:<\/b> 1000 z\u0142. (500 z\u0142 za semestr)- p\u0142atne w miesi\u0119cznych ratach<\/p>\t\t\t\t\t\t<\/div>\n\t\t\t\t<\/div>\n\t\t\t\t<div class=\"elementor-element elementor-element-ba2ece1 elementor-align-left elementor-widget elementor-widget-button\" data-id=\"ba2ece1\" data-element_type=\"widget\" data-widget_type=\"button.default\">\n\t\t\t\t<div class=\"elementor-widget-container\">\n\t\t\t\t\t<div class=\"elementor-button-wrapper\">\n\t\t\t<a class=\"elementor-button elementor-button-link elementor-size-sm\" href=\"https:\/\/sdk.edu.pl\/index.php\/zapisz-sie-na-kurs\/\">\n\t\t\t\t\t\t<span class=\"elementor-button-content-wrapper\">\n\t\t\t\t\t\t<span class=\"elementor-button-text\">ZAPISZ SIE NA KURS<\/span>\n\t\t<\/span>\n\t\t\t\t\t<\/a>\n\t\t<\/div>\n\t\t\t\t<\/div>\n\t\t\t\t<\/div>\n\t\t\t\t\t<\/div>\n\t\t<\/div>\n\t\t\t\t\t\t\t<\/div>\n\t\t<\/section>\n\t\t\t\t\t\t\t<\/div>\n\t\t","protected":false},"excerpt":{"rendered":"<p>Organizacja i zarz\u0105dzanie o\u015bwiat\u0105 Adresaci: 1000 z\u0142 Czynni zawodowo nauczyciele, dyrektorzy, wicedyrektorzy przedszkoli, szk\u00f3\u0142 podstawowych, gimnazj\u00f3w, szk\u00f3\u0142 ponadgimnazjalnych. Cele:\u00a0Wyposa\u017cenie uczestnik\u00f3w kursu w wiedze i umiej\u0119tno\u015bci potrzebne do sprawnego i tw\u00f3rczego zarz\u0105dzania szko\u0142\u0105 lub plac\u00f3wk\u0105 o\u015bwiatow\u0105 z uwzgl\u0119dnieniem wymog\u00f3w reformy edukacji. Zakres programowy: Og\u00f3lna teoria organizacji i zarz\u0105dzania Prawo o\u015bwiatowe Psychologia w kierowaniu plac\u00f3wk\u0105 o\u015bwiatow\u0105 Kierowanie [&hellip;]<\/p>\n","protected":false},"author":1,"featured_media":0,"parent":0,"menu_order":0,"comment_status":"closed","ping_status":"closed","template":"elementor_header_footer","meta":[],"_links":{"self":[{"href":"https:\/\/sdk.edu.pl\/index.php\/wp-json\/wp\/v2\/pages\/2033"}],"collection":[{"href":"https:\/\/sdk.edu.pl\/index.php\/wp-json\/wp\/v2\/pages"}],"about":[{"href":"https:\/\/sdk.edu.pl\/index.php\/wp-json\/wp\/v2\/types\/page"}],"author":[{"embeddable":true,"href":"https:\/\/sdk.edu.pl\/index.php\/wp-json\/wp\/v2\/users\/1"}],"replies":[{"embeddable":true,"href":"https:\/\/sdk.edu.pl\/index.php\/wp-json\/wp\/v2\/comments?post=2033"}],"version-history":[{"count":16,"href":"https:\/\/sdk.edu.pl\/index.php\/wp-json\/wp\/v2\/pages\/2033\/revisions"}],"predecessor-version":[{"id":3045,"href":"https:\/\/sdk.edu.pl\/index.php\/wp-json\/wp\/v2\/pages\/2033\/revisions\/3045"}],"wp:attachment":[{"href":"https:\/\/sdk.edu.pl\/index.php\/wp-json\/wp\/v2\/media?parent=2033"}],"curies":[{"name":"wp","href":"https:\/\/api.w.org\/{rel}","templated":true}]}}