{"id":1934,"date":"2021-03-17T10:48:08","date_gmt":"2021-03-17T10:48:08","guid":{"rendered":"http:\/\/sdk.edu.pl\/?page_id=1934"},"modified":"2026-02-19T13:03:05","modified_gmt":"2026-02-19T13:03:05","slug":"szkolenia-z-zakresu-bhp","status":"publish","type":"page","link":"https:\/\/sdk.edu.pl\/index.php\/szkolenia-z-zakresu-bhp\/","title":{"rendered":"Szkolenia z zakresu BHP"},"content":{"rendered":"\t\t<div data-elementor-type=\"wp-post\" data-elementor-id=\"1934\" class=\"elementor elementor-1934\">\n\t\t\t\t\t\t\t\t\t<section class=\"elementor-section elementor-top-section elementor-element elementor-element-247ac1f elementor-section-boxed elementor-section-height-default elementor-section-height-default\" data-id=\"247ac1f\" data-element_type=\"section\">\n\t\t\t\t\t\t<div class=\"elementor-container elementor-column-gap-default\">\n\t\t\t\t\t<div class=\"elementor-column elementor-col-100 elementor-top-column elementor-element elementor-element-384d5e4\" data-id=\"384d5e4\" data-element_type=\"column\">\n\t\t\t<div class=\"elementor-widget-wrap elementor-element-populated\">\n\t\t\t\t\t\t\t\t<section class=\"elementor-section elementor-inner-section elementor-element elementor-element-f264130 elementor-section-full_width elementor-section-content-top elementor-section-height-default elementor-section-height-default\" data-id=\"f264130\" data-element_type=\"section\">\n\t\t\t\t\t\t<div class=\"elementor-container elementor-column-gap-no\">\n\t\t\t\t\t<div class=\"elementor-column elementor-col-50 elementor-inner-column elementor-element elementor-element-c09dc10\" data-id=\"c09dc10\" data-element_type=\"column\">\n\t\t\t<div class=\"elementor-widget-wrap elementor-element-populated\">\n\t\t\t\t\t\t\t\t<div class=\"elementor-element elementor-element-c6d40d8 elementor-widget elementor-widget-heading\" data-id=\"c6d40d8\" data-element_type=\"widget\" data-widget_type=\"heading.default\">\n\t\t\t\t<div class=\"elementor-widget-container\">\n\t\t\t<h2 class=\"elementor-heading-title elementor-size-default\">Szkolenia z zakresu BHP<\/h2>\t\t<\/div>\n\t\t\t\t<\/div>\n\t\t\t\t<div class=\"elementor-element elementor-element-2f026ed elementor-align-left elementor-widget elementor-widget-button\" data-id=\"2f026ed\" data-element_type=\"widget\" data-widget_type=\"button.default\">\n\t\t\t\t<div class=\"elementor-widget-container\">\n\t\t\t\t\t<div class=\"elementor-button-wrapper\">\n\t\t\t<a class=\"elementor-button elementor-button-link elementor-size-sm\" href=\"https:\/\/sdk.edu.pl\/index.php\/zapisz-sie-na-szkolenie\/\">\n\t\t\t\t\t\t<span class=\"elementor-button-content-wrapper\">\n\t\t\t\t\t\t<span class=\"elementor-button-text\">ZAPISZ SIE NA SZKOLENIE<\/span>\n\t\t<\/span>\n\t\t\t\t\t<\/a>\n\t\t<\/div>\n\t\t\t\t<\/div>\n\t\t\t\t<\/div>\n\t\t\t\t\t<\/div>\n\t\t<\/div>\n\t\t\t\t<div class=\"elementor-column elementor-col-50 elementor-inner-column elementor-element elementor-element-673582c\" data-id=\"673582c\" data-element_type=\"column\">\n\t\t\t<div class=\"elementor-widget-wrap elementor-element-populated\">\n\t\t\t\t\t\t\t\t<div class=\"elementor-element elementor-element-a939780 elementor-widget elementor-widget-text-editor\" data-id=\"a939780\" data-element_type=\"widget\" data-widget_type=\"text-editor.default\">\n\t\t\t\t<div class=\"elementor-widget-container\">\n\t\t\t\t\t\t\t<p>110 z\u0142 \/ h<br \/>6 z\u0142 \/ h dla grupy 20 os.<\/p>\t\t\t\t\t\t<\/div>\n\t\t\t\t<\/div>\n\t\t\t\t\t<\/div>\n\t\t<\/div>\n\t\t\t\t\t\t\t<\/div>\n\t\t<\/section>\n\t\t\t\t<div class=\"elementor-element elementor-element-3d55aa1 elementor-widget elementor-widget-text-editor\" data-id=\"3d55aa1\" data-element_type=\"widget\" data-widget_type=\"text-editor.default\">\n\t\t\t\t<div class=\"elementor-widget-container\">\n\t\t\t\t\t\t\t<p align=\"center\"><strong>Zgodnie z warunkami i zasadami okre\u015blonymi w Rozporz\u0105dzeniu Ministra Gospodarki i Pracy z dnia 27 lipca 2004 r.<br \/>(Dz. U. 180, Poz. 1860, 2004 rok)<\/strong><\/p><div align=\"left\"><strong><br \/><i>Szkolenie w zakresie bezpiecze\u0144stwa i higieny pracy jest prowadzone jako szkolenie wst\u0119pne i szkolenie okresowe<\/i><\/strong><p>\u00a0<\/p><p align=\"left\"><strong><u>SZKOLENIE WST\u0118PNE<\/u><\/strong><\/p>Szkolenie wst\u0119pne jest przeprowadzone w formie instrukta\u017cu wg program\u00f3w opracowanych dla poszeg\u00f3lnych grup stanowisk i obejmuje:<ul><li>Szkolenie wst\u0119pne og\u00f3lne (instrukta\u017c og\u00f3lny) &#8211; <b>min. 3 godz.<\/b><\/li><li>Szkolenie wst\u0119pne na stanowisku pracy (instrukta\u017c stanowiskowy)- <br \/><b>min. 8 godz.<\/b><\/li><\/ul><p>\u00a0<\/p><hr \/><center><b>SZKOLENIE DLA PRACODAWC\u00d3W <br \/>WYKONUJ\u0104CYCH ZADANIA S\u0141U\u017bB BEZPIECZE\u0143STWA <br \/>I HIGIENY PRACY<\/b> <br \/>min 64 godziny<\/center><hr \/><p><strong><u>SZKOLENIE OKRESOWE<\/u><\/strong><\/p>Szkolenie okresowe obejmuje:<ul><li>Osoby b\u0119d\u0105ce pracodawcami oraz inne osoby kieruj\u0105ce pracownikami &#8211; <b>min. 16 godz.<\/b><\/li><li>Pracownicy zatrudnieni na stanowiskach robotniczych &#8211; <b>min 8 godz.<\/b><\/li><li>Pracownicy s\u0142u\u017cb bezpiecze\u0144stwa i higieny pracy, i osoby wykonuj\u0105cece zadania tej s\u0142u\u017cby &#8211; <b>min. 32 godziny.<\/b><\/li><li>Nauczyciele i pracownicy administracyjno &#8211; biurowi &#8211; <b>min. 8 godzin.<\/b><\/li><\/ul><\/div>\t\t\t\t\t\t<\/div>\n\t\t\t\t<\/div>\n\t\t\t\t<div class=\"elementor-element elementor-element-ba2ece1 elementor-align-left elementor-widget elementor-widget-button\" data-id=\"ba2ece1\" data-element_type=\"widget\" data-widget_type=\"button.default\">\n\t\t\t\t<div class=\"elementor-widget-container\">\n\t\t\t\t\t<div class=\"elementor-button-wrapper\">\n\t\t\t<a class=\"elementor-button elementor-button-link elementor-size-sm\" href=\"https:\/\/sdk.edu.pl\/index.php\/zapisz-sie-na-szkolenie\/\">\n\t\t\t\t\t\t<span class=\"elementor-button-content-wrapper\">\n\t\t\t\t\t\t<span class=\"elementor-button-text\">ZAPISZ SIE NA SZKOLENIE<\/span>\n\t\t<\/span>\n\t\t\t\t\t<\/a>\n\t\t<\/div>\n\t\t\t\t<\/div>\n\t\t\t\t<\/div>\n\t\t\t\t\t<\/div>\n\t\t<\/div>\n\t\t\t\t\t\t\t<\/div>\n\t\t<\/section>\n\t\t\t\t\t\t\t<\/div>\n\t\t","protected":false},"excerpt":{"rendered":"<p>Szkolenia z zakresu BHP ZAPISZ SIE NA SZKOLENIE 110 z\u0142 \/ h6 z\u0142 \/ h dla grupy 20 os. Zgodnie z warunkami i zasadami okre\u015blonymi w Rozporz\u0105dzeniu Ministra Gospodarki i Pracy z dnia 27 lipca 2004 r.(Dz. U. 180, Poz. 1860, 2004 rok) Szkolenie w zakresie bezpiecze\u0144stwa i higieny pracy jest prowadzone jako szkolenie wst\u0119pne [&hellip;]<\/p>\n","protected":false},"author":1,"featured_media":0,"parent":0,"menu_order":0,"comment_status":"closed","ping_status":"closed","template":"elementor_header_footer","meta":[],"_links":{"self":[{"href":"https:\/\/sdk.edu.pl\/index.php\/wp-json\/wp\/v2\/pages\/1934"}],"collection":[{"href":"https:\/\/sdk.edu.pl\/index.php\/wp-json\/wp\/v2\/pages"}],"about":[{"href":"https:\/\/sdk.edu.pl\/index.php\/wp-json\/wp\/v2\/types\/page"}],"author":[{"embeddable":true,"href":"https:\/\/sdk.edu.pl\/index.php\/wp-json\/wp\/v2\/users\/1"}],"replies":[{"embeddable":true,"href":"https:\/\/sdk.edu.pl\/index.php\/wp-json\/wp\/v2\/comments?post=1934"}],"version-history":[{"count":11,"href":"https:\/\/sdk.edu.pl\/index.php\/wp-json\/wp\/v2\/pages\/1934\/revisions"}],"predecessor-version":[{"id":3070,"href":"https:\/\/sdk.edu.pl\/index.php\/wp-json\/wp\/v2\/pages\/1934\/revisions\/3070"}],"wp:attachment":[{"href":"https:\/\/sdk.edu.pl\/index.php\/wp-json\/wp\/v2\/media?parent=1934"}],"curies":[{"name":"wp","href":"https:\/\/api.w.org\/{rel}","templated":true}]}}