{"id":1753,"date":"2021-03-04T12:13:15","date_gmt":"2021-03-04T12:13:15","guid":{"rendered":"http:\/\/sdk.edu.pl\/?page_id=1753"},"modified":"2026-02-19T12:26:04","modified_gmt":"2026-02-19T12:26:04","slug":"bibliotekoznawstwo-i-informacja-naukowa","status":"publish","type":"page","link":"https:\/\/sdk.edu.pl\/index.php\/bibliotekoznawstwo-i-informacja-naukowa\/","title":{"rendered":"Bibliotekoznawstwo i informacja naukowa"},"content":{"rendered":"\t\t<div data-elementor-type=\"wp-post\" data-elementor-id=\"1753\" class=\"elementor elementor-1753\">\n\t\t\t\t\t\t\t\t\t<section class=\"elementor-section elementor-top-section elementor-element elementor-element-247ac1f elementor-section-boxed elementor-section-height-default elementor-section-height-default\" data-id=\"247ac1f\" data-element_type=\"section\">\n\t\t\t\t\t\t<div class=\"elementor-container elementor-column-gap-default\">\n\t\t\t\t\t<div class=\"elementor-column elementor-col-100 elementor-top-column elementor-element elementor-element-384d5e4\" data-id=\"384d5e4\" data-element_type=\"column\">\n\t\t\t<div class=\"elementor-widget-wrap elementor-element-populated\">\n\t\t\t\t\t\t\t\t<div class=\"elementor-element elementor-element-7a91f92 elementor-hidden-desktop elementor-hidden-tablet elementor-hidden-mobile elementor-widget elementor-widget-image\" data-id=\"7a91f92\" data-element_type=\"widget\" data-widget_type=\"image.default\">\n\t\t\t\t<div class=\"elementor-widget-container\">\n\t\t\t\t\t\t\t\t\t\t\t\t\t\t\t<img decoding=\"async\" src=\"https:\/\/sdk.edu.pl\/wp-content\/uploads\/elementor\/thumbs\/834c8-Bibliotekoznawstwo-i-informacja-naukowa-studia-p2y89svlc44rsu79die6jpcpob38wjy6nrv5zk82b0.jpg\" title=\"834c8-Bibliotekoznawstwo-i-informacja-naukowa-studia\" alt=\"Podpis...\" loading=\"lazy\" \/>\t\t\t\t\t\t\t\t\t\t\t\t\t\t\t<\/div>\n\t\t\t\t<\/div>\n\t\t\t\t<section class=\"elementor-section elementor-inner-section elementor-element elementor-element-f264130 elementor-section-full_width elementor-section-content-top elementor-section-height-default elementor-section-height-default\" data-id=\"f264130\" data-element_type=\"section\">\n\t\t\t\t\t\t<div class=\"elementor-container elementor-column-gap-no\">\n\t\t\t\t\t<div class=\"elementor-column elementor-col-50 elementor-inner-column elementor-element elementor-element-c09dc10\" data-id=\"c09dc10\" data-element_type=\"column\">\n\t\t\t<div class=\"elementor-widget-wrap elementor-element-populated\">\n\t\t\t\t\t\t\t\t<div class=\"elementor-element elementor-element-c6d40d8 elementor-widget elementor-widget-heading\" data-id=\"c6d40d8\" data-element_type=\"widget\" data-widget_type=\"heading.default\">\n\t\t\t\t<div class=\"elementor-widget-container\">\n\t\t\t<h2 class=\"elementor-heading-title elementor-size-default\">BIBLIOTEKOZNAWSTWO I INFORMACJA NAUKOWA<\/h2>\t\t<\/div>\n\t\t\t\t<\/div>\n\t\t\t\t<div class=\"elementor-element elementor-element-97dfed3 elementor-widget elementor-widget-heading\" data-id=\"97dfed3\" data-element_type=\"widget\" data-widget_type=\"heading.default\">\n\t\t\t\t<div class=\"elementor-widget-container\">\n\t\t\t<h5 class=\"elementor-heading-title elementor-size-default\">Adresaci:<\/h5>\t\t<\/div>\n\t\t\t\t<\/div>\n\t\t\t\t\t<\/div>\n\t\t<\/div>\n\t\t\t\t<div class=\"elementor-column elementor-col-50 elementor-inner-column elementor-element elementor-element-673582c\" data-id=\"673582c\" data-element_type=\"column\">\n\t\t\t<div class=\"elementor-widget-wrap elementor-element-populated\">\n\t\t\t\t\t\t\t\t<div class=\"elementor-element elementor-element-a939780 elementor-widget elementor-widget-text-editor\" data-id=\"a939780\" data-element_type=\"widget\" data-widget_type=\"text-editor.default\">\n\t\t\t\t<div class=\"elementor-widget-container\">\n\t\t\t\t\t\t\t<p>3 300 z\u0142<\/p>\t\t\t\t\t\t<\/div>\n\t\t\t\t<\/div>\n\t\t\t\t\t<\/div>\n\t\t<\/div>\n\t\t\t\t\t\t\t<\/div>\n\t\t<\/section>\n\t\t\t\t<div class=\"elementor-element elementor-element-3d55aa1 elementor-widget elementor-widget-text-editor\" data-id=\"3d55aa1\" data-element_type=\"widget\" data-widget_type=\"text-editor.default\">\n\t\t\t\t<div class=\"elementor-widget-container\">\n\t\t\t\t\t\t\t<p>Studia podyplomowe przeznaczone s\u0105 zar\u00f3wno dla nauczycieli zamierzaj\u0105cych rozszerzy\u0107 swoje kwalifikacje jak i dla absolwent\u00f3w wy\u017cszych uczelni posiadaj\u0105cych tytu\u0142 magistra albo licencjata, a chc\u0105cych podj\u0105\u0107 prac\u0119 w r\u00f3\u017cnych typach bibliotek.<\/p>\n<p><b>Cele:<\/b><\/p>\n<p>S\u0142uchacze podczas studi\u00f3w podyplomowych zdobywaj\u0105 wiedz\u0119 z zakresu bibliotekoznawstwa, czytelnictwa, literatury, a tak\u017ce informacji naukowej.<\/p>\n<p>Ponadto nabywaj\u0105 umiej\u0119tno\u015bci praktycznego tworzenia ksi\u0119gozbior\u00f3w i ich katalog\u00f3w &#8222;papierowych&#8221; oraz komputerowych, a jednocze\u015bnie wdra\u017caj\u0105 si\u0119 do pos\u0142ugiwania si\u0119 w pracy bibliotecznej nowoczesnymi technologiami informacyjnymi (komputerami, mediami, mass mediami, Internetem).<\/p>\n<p>S\u0142uchacze otrzymuj\u0105 tak\u017ce merytoryczne i metodyczne przygotowanie do prowadzenia zaj\u0119\u0107 w zakresie edukacji medialnej i czytelniczej.<\/p>\n<p><b>Absolwenci studi\u00f3w nabywaj\u0105 uprawnienia do pracy w r\u00f3\u017cnych typach bibliotek.<\/b><\/p>\n<div align=\"justify\">\n<p><b>Czas trwania: <\/b>&nbsp;trzy semestry<\/p>\n<\/div>\n<p><b>Koszt studi\u00f3w:<\/b> 3 300 z\u0142 (1&nbsp; 100,00 z\u0142 za semestr)- p\u0142atne w miesi\u0119cznych ratach + 150,00 z\u0142 op\u0142ata wpisowa)<\/p>\n<p><strong>Termin uruchomienia kierunku: X<\/strong>.2023 r.<\/p>\t\t\t\t\t\t<\/div>\n\t\t\t\t<\/div>\n\t\t\t\t<div class=\"elementor-element elementor-element-ba2ece1 elementor-align-left elementor-widget elementor-widget-button\" data-id=\"ba2ece1\" data-element_type=\"widget\" data-widget_type=\"button.default\">\n\t\t\t\t<div class=\"elementor-widget-container\">\n\t\t\t\t\t<div class=\"elementor-button-wrapper\">\n\t\t\t<a class=\"elementor-button elementor-button-link elementor-size-sm\" href=\"https:\/\/sdk.edu.pl\/index.php\/zapisz-sie-na-studia\/\">\n\t\t\t\t\t\t<span class=\"elementor-button-content-wrapper\">\n\t\t\t\t\t\t<span class=\"elementor-button-text\">ZAPISZ SIE NA STUDIA<\/span>\n\t\t<\/span>\n\t\t\t\t\t<\/a>\n\t\t<\/div>\n\t\t\t\t<\/div>\n\t\t\t\t<\/div>\n\t\t\t\t\t<\/div>\n\t\t<\/div>\n\t\t\t\t\t\t\t<\/div>\n\t\t<\/section>\n\t\t\t\t\t\t\t<\/div>\n\t\t","protected":false},"excerpt":{"rendered":"<p>BIBLIOTEKOZNAWSTWO I INFORMACJA NAUKOWA Adresaci: 3 300 z\u0142 Studia podyplomowe przeznaczone s\u0105 zar\u00f3wno dla nauczycieli zamierzaj\u0105cych rozszerzy\u0107 swoje kwalifikacje jak i dla absolwent\u00f3w wy\u017cszych uczelni posiadaj\u0105cych tytu\u0142 magistra albo licencjata, a chc\u0105cych podj\u0105\u0107 prac\u0119 w r\u00f3\u017cnych typach bibliotek. Cele: S\u0142uchacze podczas studi\u00f3w podyplomowych zdobywaj\u0105 wiedz\u0119 z zakresu bibliotekoznawstwa, czytelnictwa, literatury, a tak\u017ce informacji naukowej. Ponadto [&hellip;]<\/p>\n","protected":false},"author":1,"featured_media":0,"parent":0,"menu_order":0,"comment_status":"closed","ping_status":"closed","template":"elementor_header_footer","meta":[],"_links":{"self":[{"href":"https:\/\/sdk.edu.pl\/index.php\/wp-json\/wp\/v2\/pages\/1753"}],"collection":[{"href":"https:\/\/sdk.edu.pl\/index.php\/wp-json\/wp\/v2\/pages"}],"about":[{"href":"https:\/\/sdk.edu.pl\/index.php\/wp-json\/wp\/v2\/types\/page"}],"author":[{"embeddable":true,"href":"https:\/\/sdk.edu.pl\/index.php\/wp-json\/wp\/v2\/users\/1"}],"replies":[{"embeddable":true,"href":"https:\/\/sdk.edu.pl\/index.php\/wp-json\/wp\/v2\/comments?post=1753"}],"version-history":[{"count":15,"href":"https:\/\/sdk.edu.pl\/index.php\/wp-json\/wp\/v2\/pages\/1753\/revisions"}],"predecessor-version":[{"id":2976,"href":"https:\/\/sdk.edu.pl\/index.php\/wp-json\/wp\/v2\/pages\/1753\/revisions\/2976"}],"wp:attachment":[{"href":"https:\/\/sdk.edu.pl\/index.php\/wp-json\/wp\/v2\/media?parent=1753"}],"curies":[{"name":"wp","href":"https:\/\/api.w.org\/{rel}","templated":true}]}}