{"id":1614,"date":"2021-03-04T10:49:47","date_gmt":"2021-03-04T10:49:47","guid":{"rendered":"http:\/\/sdk.edu.pl\/?page_id=1614"},"modified":"2021-03-12T11:34:51","modified_gmt":"2021-03-12T11:34:51","slug":"zapisz-sie-na-szkolenie","status":"publish","type":"page","link":"https:\/\/sdk.edu.pl\/index.php\/zapisz-sie-na-szkolenie\/","title":{"rendered":"Zapisz si\u0119 na szkolenie!"},"content":{"rendered":"\t\t<div data-elementor-type=\"wp-post\" data-elementor-id=\"1614\" class=\"elementor elementor-1614\">\n\t\t\t\t\t\t\t\t\t<section class=\"elementor-section elementor-top-section elementor-element elementor-element-032fa86 elementor-section-boxed elementor-section-height-default elementor-section-height-default\" data-id=\"032fa86\" data-element_type=\"section\">\n\t\t\t\t\t\t<div class=\"elementor-container elementor-column-gap-default\">\n\t\t\t\t\t<div class=\"elementor-column elementor-col-100 elementor-top-column elementor-element elementor-element-cfd4337\" data-id=\"cfd4337\" data-element_type=\"column\">\n\t\t\t<div class=\"elementor-widget-wrap elementor-element-populated\">\n\t\t\t\t\t\t\t\t<div class=\"elementor-element elementor-element-1fa0a85 elementor-widget elementor-widget-heading\" data-id=\"1fa0a85\" data-element_type=\"widget\" data-widget_type=\"heading.default\">\n\t\t\t\t<div class=\"elementor-widget-container\">\n\t\t\t<h4 class=\"elementor-heading-title elementor-size-default\">Zapisz si\u0119 na szkolenie<\/h4>\t\t<\/div>\n\t\t\t\t<\/div>\n\t\t\t\t<div class=\"elementor-element elementor-element-1943069 elementor-widget elementor-widget-shortcode\" data-id=\"1943069\" data-element_type=\"widget\" data-widget_type=\"shortcode.default\">\n\t\t\t\t<div class=\"elementor-widget-container\">\n\t\t\t\t\t<div class=\"elementor-shortcode\"><div class=\"everest-forms\"><div class=\"evf-container default\" id=\"evf-1551\"><form id=\"evf-form-1551\" class=\"everest-form\" data-formid=\"1551\" data-ajax_submission=\"1\" data-keyboard_friendly_form=\"0\" method=\"post\" enctype=\"multipart\/form-data\" action=\"\/index.php\/wp-json\/wp\/v2\/pages\/1614\"><div class=\"evf-field-container\"><input type=\"hidden\" id=\"_wpnonce1551\" name=\"_wpnonce1551\" value=\"8fe0ad6da2\" \/><input type=\"hidden\" name=\"_wp_http_referer\" value=\"\/index.php\/wp-json\/wp\/v2\/pages\/1614\" \/><div class=\"evf-frontend-row\" data-row=\"row_1\" conditional_rules=\"[]\"><div class=\"evf-frontend-grid evf-grid-1\" data-grid=\"grid_1\"><div id=\"evf-1551-field_ys0GeZISRs-1-container\" class=\"evf-field evf-field-first-name form-row validate-required\" data-required-field-message=\"Podaj imi\u0119\" data-field-id=\"ys0GeZISRs-1\"><label class=\"evf-field-label\" for=\"evf-1551-field_ys0GeZISRs-1\"><span class=\"evf-label\">Imi\u0119 \/ imiona<\/span> <abbr class=\"required\" title=\"Required\">*<\/abbr><\/label><input type=\"text\" id=\"evf-1551-field_ys0GeZISRs-1\" class=\"input-text\" name=\"everest_forms[form_fields][ys0GeZISRs-1]\" placeholder=\"Podaj imi\u0119 lub imiona \" required><\/div><div id=\"evf-1551-field_LxTnBXPjAH-9-container\" class=\"evf-field evf-field-last-name form-row validate-required\" data-required-field-message=\"Podaj nazwisko\" data-field-id=\"LxTnBXPjAH-9\"><label class=\"evf-field-label\" for=\"evf-1551-field_LxTnBXPjAH-9\"><span class=\"evf-label\">Nazwisko<\/span> <abbr class=\"required\" title=\"Required\">*<\/abbr><\/label><input type=\"text\" id=\"evf-1551-field_LxTnBXPjAH-9\" class=\"input-text\" name=\"everest_forms[form_fields][LxTnBXPjAH-9]\" placeholder=\"Podaj nazwisko\" required><\/div><div id=\"evf-1551-field_vtkKDHYyP5-5-container\" class=\"evf-field evf-field-number form-row validate-required\" data-required-field-message=\"Podaj numer telefonu\" data-field-id=\"vtkKDHYyP5-5\"><label class=\"evf-field-label\" for=\"evf-1551-field_vtkKDHYyP5-5\"><span class=\"evf-label\">Numer telefonu<\/span> <abbr class=\"required\" title=\"Required\">*<\/abbr><\/label><input type=\"number\" id=\"evf-1551-field_vtkKDHYyP5-5\" class=\"input-text\" name=\"everest_forms[form_fields][vtkKDHYyP5-5]\" placeholder=\"Podaj numer telefonu\" step=\"1\" required\/><\/div><div id=\"evf-1551-field_LbH5NxasXM-2-container\" class=\"evf-field evf-field-email form-row validate-required validate-email\" data-required-field-message=\"Podaj e-mail\" data-field-id=\"LbH5NxasXM-2\"><label class=\"evf-field-label\" for=\"evf-1551-field_LbH5NxasXM-2\"><span class=\"evf-label\">Email<\/span> <abbr class=\"required\" title=\"Required\">*<\/abbr><\/label><input type=\"email\" id=\"evf-1551-field_LbH5NxasXM-2\" class=\"input-text\" name=\"everest_forms[form_fields][LbH5NxasXM-2]\" placeholder=\"Podaj e-mail\" required ><\/div><div id=\"evf-1551-field_xxadjfVlSc-6-container\" class=\"evf-field evf-field-radio form-row validate-required\" data-required-field-message=\"To pole jest obowi\u0105zkowe\" data-field-id=\"xxadjfVlSc-6\"><label class=\"evf-field-label\" for=\"evf-1551-field_xxadjfVlSc-6\"><span class=\"evf-label\">Wybierz szkolenie!<\/span> <abbr class=\"required\" title=\"Required\">*<\/abbr><\/label><ul id=\"evf-1551-field_xxadjfVlSc-6\" class=\" evf-field-required\"><li class=\"choice-1 depth-1\"><input type=\"radio\" id=\"evf-1551-field_xxadjfVlSc-6_1\" class=\"input-text\" name=\"everest_forms[form_fields][xxadjfVlSc-6]\" value=\"Szkolenie rad pedagogicznych\" required ><label class=\"everest-forms-field-label-inline\" for=\"evf-1551-field_xxadjfVlSc-6_1\">Szkolenie rad pedagogicznych<\/label><\/li><li class=\"choice-2 depth-1\"><input type=\"radio\" id=\"evf-1551-field_xxadjfVlSc-6_2\" class=\"input-text\" name=\"everest_forms[form_fields][xxadjfVlSc-6]\" value=\"Pierwsza pomoc przedmedyczna w szkole\" required ><label class=\"everest-forms-field-label-inline\" for=\"evf-1551-field_xxadjfVlSc-6_2\">Pierwsza pomoc przedmedyczna w szkole<\/label><\/li><li class=\"choice-3 depth-1\"><input type=\"radio\" id=\"evf-1551-field_xxadjfVlSc-6_3\" class=\"input-text\" name=\"everest_forms[form_fields][xxadjfVlSc-6]\" value=\"Szkolenia w zakresie BHP\" required ><label class=\"everest-forms-field-label-inline\" for=\"evf-1551-field_xxadjfVlSc-6_3\">Szkolenia w zakresie BHP<\/label><\/li><li class=\"choice-9 depth-1\"><input type=\"radio\" id=\"evf-1551-field_xxadjfVlSc-6_9\" class=\"input-text\" name=\"everest_forms[form_fields][xxadjfVlSc-6]\" value=\"Kursy dla nauczycieli i przedszkoli\" required ><label class=\"everest-forms-field-label-inline\" for=\"evf-1551-field_xxadjfVlSc-6_9\">Kursy dla nauczycieli i przedszkoli<\/label><\/li><li class=\"choice-8 depth-1\"><input type=\"radio\" id=\"evf-1551-field_xxadjfVlSc-6_8\" class=\"input-text\" name=\"everest_forms[form_fields][xxadjfVlSc-6]\" value=\"Kursy dla nauczycieli klas I-III\" required ><label class=\"everest-forms-field-label-inline\" for=\"evf-1551-field_xxadjfVlSc-6_8\">Kursy dla nauczycieli klas I-III<\/label><\/li><li class=\"choice-7 depth-1\"><input type=\"radio\" id=\"evf-1551-field_xxadjfVlSc-6_7\" class=\"input-text\" name=\"everest_forms[form_fields][xxadjfVlSc-6]\" value=\"Przyjaciele Zippiego\" required ><label class=\"everest-forms-field-label-inline\" for=\"evf-1551-field_xxadjfVlSc-6_7\">Przyjaciele Zippiego<\/label><\/li><li class=\"choice-6 depth-1\"><input type=\"radio\" id=\"evf-1551-field_xxadjfVlSc-6_6\" class=\"input-text\" name=\"everest_forms[form_fields][xxadjfVlSc-6]\" value=\"Nauczyciel - Wychowawca\" required ><label class=\"everest-forms-field-label-inline\" for=\"evf-1551-field_xxadjfVlSc-6_6\">Nauczyciel - Wychowawca<\/label><\/li><li class=\"choice-5 depth-1\"><input type=\"radio\" id=\"evf-1551-field_xxadjfVlSc-6_5\" class=\"input-text\" name=\"everest_forms[form_fields][xxadjfVlSc-6]\" value=\"Kursy i warsztaty dla nauczycieli r\u00f3\u017cnych specjalno\u015bci\" required ><label class=\"everest-forms-field-label-inline\" for=\"evf-1551-field_xxadjfVlSc-6_5\">Kursy i warsztaty dla nauczycieli r\u00f3\u017cnych specjalno\u015bci<\/label><\/li><li class=\"choice-4 depth-1\"><input type=\"radio\" id=\"evf-1551-field_xxadjfVlSc-6_4\" class=\"input-text\" name=\"everest_forms[form_fields][xxadjfVlSc-6]\" value=\"Kursy w zakresie awansu zawodowego\" required ><label class=\"everest-forms-field-label-inline\" for=\"evf-1551-field_xxadjfVlSc-6_4\">Kursy w zakresie awansu zawodowego<\/label><\/li><li class=\"choice-10 depth-1\"><input type=\"radio\" id=\"evf-1551-field_xxadjfVlSc-6_10\" class=\"input-text\" name=\"everest_forms[form_fields][xxadjfVlSc-6]\" value=\"Kursy komputerowe\" required ><label class=\"everest-forms-field-label-inline\" for=\"evf-1551-field_xxadjfVlSc-6_10\">Kursy komputerowe<\/label><\/li><li class=\"choice-11 depth-1\"><input type=\"radio\" id=\"evf-1551-field_xxadjfVlSc-6_11\" class=\"input-text\" name=\"everest_forms[form_fields][xxadjfVlSc-6]\" value=\"Organizacja wypoczynku dla dzieci i m\u0142odzie\u017cy \" required ><label class=\"everest-forms-field-label-inline\" for=\"evf-1551-field_xxadjfVlSc-6_11\">Organizacja wypoczynku dla dzieci i m\u0142odzie\u017cy <\/label><\/li><\/ul><\/div><div id=\"evf-1551-field_faKU3QFY4f-21-container\" class=\"evf-field evf-field-last-name form-row validate-required\" data-required-field-message=\"Podaj nazw\u0119 programu\" data-field-id=\"faKU3QFY4f-21\"><label class=\"evf-field-label\" for=\"evf-1551-field_faKU3QFY4f-21\"><span class=\"evf-label\">Nazwa programu<\/span> <abbr class=\"required\" title=\"Required\">*<\/abbr><\/label><input type=\"text\" id=\"evf-1551-field_faKU3QFY4f-21\" class=\"input-text\" name=\"everest_forms[form_fields][faKU3QFY4f-21]\" placeholder=\"Je\u017celi wybra\u0142e\u015b\/a\u015b szkolenie podaj tematyk\u0119\" required><\/div><div id=\"evf-1551-field_yhGx3FOwr2-4-container\" class=\"evf-field evf-field-textarea form-row\" data-field-id=\"yhGx3FOwr2-4\"><label class=\"evf-field-label\" for=\"evf-1551-field_yhGx3FOwr2-4\"><span class=\"evf-label\">Tre\u015b\u0107<\/span> <\/label><textarea id=\"evf-1551-field_yhGx3FOwr2-4\" class=\"input-text\" name=\"everest_forms[form_fields][yhGx3FOwr2-4]\" placeholder=\"Masz jakie\u015b dodatkowe pytania?\"  ><\/textarea><\/div><div id=\"evf-1551-field_Et6IujQQKh-7-container\" class=\"evf-field evf-field-checkbox form-row validate-required\" data-required-field-message=\"To pole jest obowi\u0105zkowe\" data-field-id=\"Et6IujQQKh-7\"><label class=\"evf-field-label\" for=\"evf-1551-field_Et6IujQQKh-7\"><span class=\"evf-label\">Wyra\u017cam zgod\u0119 na przetwarzanie moich danych w celu zapisu na szkolenie.<\/span> <abbr class=\"required\" title=\"Required\">*<\/abbr><\/label><ul id=\"evf-1551-field_Et6IujQQKh-7\" class=\" evf-field-required\"><li class=\"choice-1 depth-1\"><input type=\"checkbox\" id=\"evf-1551-field_Et6IujQQKh-7_1\" class=\"input-text\" name=\"everest_forms[form_fields][Et6IujQQKh-7][]\" value=\"Zgoda\" required ><label class=\"everest-forms-field-label-inline\" for=\"evf-1551-field_Et6IujQQKh-7_1\">Zgoda<\/label><\/li><\/ul><\/div><\/div><\/div><\/div><div class=\"evf-honeypot-container evf-field-hp\"><label for=\"evf-1551-field-hp\" class=\"evf-field-label\">Website<\/label><input type=\"text\" name=\"everest_forms[hp]\" id=\"evf-1551-field-hp\" class=\"input-text\"><\/div><div class=\"evf-recaptcha-container \" style=\"display:block\"><div class=\"g-recaptcha\" data-sitekey=\"6Lczd9saAAAAAIdCeOdU1QCtt9YZpk1JorbN3YdW\"><\/div><\/div><div class=\"evf-submit-container \" ><input type=\"hidden\" name=\"everest_forms[id]\" value=\"1551\"><input type=\"hidden\" name=\"everest_forms[author]\" value=\"1\"><button type='submit' name='everest_forms[submit]' class='everest-forms-submit-button button evf-submit ' id='evf-submit-1551' value='evf-submit' data-process-text=\"Wysy\u0142anie\" conditional_rules='&quot;&quot;' conditional_id='evf-submit-1551'  id=\"evf-submit-1551\" aria-live=\"assertive\">Zapisz si\u0119 na szkolenie!<\/button><\/div><\/form><\/div><!-- .evf-container --><\/div><\/div>\n\t\t\t\t<\/div>\n\t\t\t\t<\/div>\n\t\t\t\t\t<\/div>\n\t\t<\/div>\n\t\t\t\t\t\t\t<\/div>\n\t\t<\/section>\n\t\t\t\t<section class=\"elementor-section elementor-top-section elementor-element elementor-element-12084cb elementor-section-full_width elementor-section-height-default elementor-section-height-default\" data-id=\"12084cb\" data-element_type=\"section\">\n\t\t\t\t\t\t<div class=\"elementor-container elementor-column-gap-no\">\n\t\t\t\t\t<div class=\"elementor-column elementor-col-100 elementor-top-column elementor-element elementor-element-f9b4bf5\" data-id=\"f9b4bf5\" data-element_type=\"column\">\n\t\t\t<div class=\"elementor-widget-wrap elementor-element-populated\">\n\t\t\t\t\t\t\t\t<div class=\"elementor-element elementor-element-b0c6bd1 elementor-widget elementor-widget-google_maps\" data-id=\"b0c6bd1\" data-element_type=\"widget\" data-widget_type=\"google_maps.default\">\n\t\t\t\t<div class=\"elementor-widget-container\">\n\t\t\t\t\t<div class=\"elementor-custom-embed\">\n\t\t\t<iframe loading=\"lazy\"\n\t\t\t\t\tsrc=\"https:\/\/maps.google.com\/maps?q=ul.%20Traugutta%2061%2026-600%20Radom&#038;t=m&#038;z=15&#038;output=embed&#038;iwloc=near\"\n\t\t\t\t\ttitle=\"ul. Traugutta 61 26-600 Radom\"\n\t\t\t\t\taria-label=\"ul. Traugutta 61 26-600 Radom\"\n\t\t\t><\/iframe>\n\t\t<\/div>\n\t\t\t\t<\/div>\n\t\t\t\t<\/div>\n\t\t\t\t\t<\/div>\n\t\t<\/div>\n\t\t\t\t\t\t\t<\/div>\n\t\t<\/section>\n\t\t\t\t<section class=\"elementor-section elementor-top-section elementor-element elementor-element-f4e8941 elementor-section-boxed elementor-section-height-default elementor-section-height-default\" data-id=\"f4e8941\" data-element_type=\"section\">\n\t\t\t\t\t\t<div class=\"elementor-container elementor-column-gap-default\">\n\t\t\t\t\t<div class=\"elementor-column elementor-col-100 elementor-top-column elementor-element elementor-element-5420376\" data-id=\"5420376\" data-element_type=\"column\">\n\t\t\t<div class=\"elementor-widget-wrap\">\n\t\t\t\t\t\t\t\t\t<\/div>\n\t\t<\/div>\n\t\t\t\t\t\t\t<\/div>\n\t\t<\/section>\n\t\t\t\t\t\t\t<\/div>\n\t\t","protected":false},"excerpt":{"rendered":"<p>Zapisz si\u0119 na szkolenie<\/p>\n","protected":false},"author":1,"featured_media":0,"parent":0,"menu_order":0,"comment_status":"closed","ping_status":"closed","template":"page-templates\/pagebuilder.php","meta":[],"_links":{"self":[{"href":"https:\/\/sdk.edu.pl\/index.php\/wp-json\/wp\/v2\/pages\/1614"}],"collection":[{"href":"https:\/\/sdk.edu.pl\/index.php\/wp-json\/wp\/v2\/pages"}],"about":[{"href":"https:\/\/sdk.edu.pl\/index.php\/wp-json\/wp\/v2\/types\/page"}],"author":[{"embeddable":true,"href":"https:\/\/sdk.edu.pl\/index.php\/wp-json\/wp\/v2\/users\/1"}],"replies":[{"embeddable":true,"href":"https:\/\/sdk.edu.pl\/index.php\/wp-json\/wp\/v2\/comments?post=1614"}],"version-history":[{"count":3,"href":"https:\/\/sdk.edu.pl\/index.php\/wp-json\/wp\/v2\/pages\/1614\/revisions"}],"predecessor-version":[{"id":1895,"href":"https:\/\/sdk.edu.pl\/index.php\/wp-json\/wp\/v2\/pages\/1614\/revisions\/1895"}],"wp:attachment":[{"href":"https:\/\/sdk.edu.pl\/index.php\/wp-json\/wp\/v2\/media?parent=1614"}],"curies":[{"name":"wp","href":"https:\/\/api.w.org\/{rel}","templated":true}]}}