{"id":157,"date":"2018-09-14T06:46:00","date_gmt":"2018-09-14T06:46:00","guid":{"rendered":"https:\/\/demo.themegrill.com\/zakra-education\/?page_id=157"},"modified":"2026-02-19T12:37:59","modified_gmt":"2026-02-19T12:37:59","slug":"studia-podyplomowe","status":"publish","type":"page","link":"https:\/\/sdk.edu.pl\/index.php\/studia-podyplomowe\/","title":{"rendered":"Studia podyplomowe"},"content":{"rendered":"\t\t<div data-elementor-type=\"wp-post\" data-elementor-id=\"157\" class=\"elementor elementor-157\">\n\t\t\t\t\t\t\t\t\t<section class=\"elementor-section elementor-top-section elementor-element elementor-element-3dc7c571 elementor-section-boxed elementor-section-height-default elementor-section-height-default\" data-id=\"3dc7c571\" data-element_type=\"section\">\n\t\t\t\t\t\t<div class=\"elementor-container elementor-column-gap-default\">\n\t\t\t\t\t<div class=\"elementor-column elementor-col-100 elementor-top-column elementor-element elementor-element-27edba4e\" data-id=\"27edba4e\" data-element_type=\"column\">\n\t\t\t<div class=\"elementor-widget-wrap elementor-element-populated\">\n\t\t\t\t\t\t\t\t<div class=\"elementor-element elementor-element-357803a9 elementor-widget elementor-widget-heading\" data-id=\"357803a9\" data-element_type=\"widget\" data-widget_type=\"heading.default\">\n\t\t\t\t<div class=\"elementor-widget-container\">\n\t\t\t<h2 class=\"elementor-heading-title elementor-size-default\">Studia podyplomowe\u200b<\/h2>\t\t<\/div>\n\t\t\t\t<\/div>\n\t\t\t\t<section class=\"elementor-section elementor-inner-section elementor-element elementor-element-4b92bd93 elementor-section-boxed elementor-section-height-default elementor-section-height-default\" data-id=\"4b92bd93\" data-element_type=\"section\">\n\t\t\t\t\t\t<div class=\"elementor-container elementor-column-gap-default\">\n\t\t\t\t\t<div class=\"elementor-column elementor-col-33 elementor-inner-column elementor-element elementor-element-72a364df\" data-id=\"72a364df\" data-element_type=\"column\">\n\t\t\t<div class=\"elementor-widget-wrap\">\n\t\t\t\t\t\t\t\t\t<\/div>\n\t\t<\/div>\n\t\t\t\t<div class=\"elementor-column elementor-col-33 elementor-inner-column elementor-element elementor-element-6e5d1848\" data-id=\"6e5d1848\" data-element_type=\"column\">\n\t\t\t<div class=\"elementor-widget-wrap elementor-element-populated\">\n\t\t\t\t\t\t\t\t<div class=\"elementor-element elementor-element-50235d83 elementor-widget elementor-widget-text-editor\" data-id=\"50235d83\" data-element_type=\"widget\" data-widget_type=\"text-editor.default\">\n\t\t\t\t<div class=\"elementor-widget-container\">\n\t\t\t\t\t\t\t<p style=\"text-align: center;\"><strong>TRWA REKRUTACJA<\/strong><\/p><p style=\"text-align: center;\"><strong> na studia podyplomowe kwalifikacyjne!<\/strong><\/p><p><span style=\"font-style: inherit; font-weight: inherit;\">Wszystkie realizowane studia podyplomowe nadaj\u0105 kwalifikacje i s\u0105 prowadzone we wsp\u00f3\u0142pracy z wy\u017cszymi uczelniami.<\/span><\/p><p>Absolwenci studi\u00f3w otrzymuj\u0105 \u015bwiadectwo uko\u0144czenia studi\u00f3w podyplomowych zgodnie z obowi\u0105zuj\u0105cymi przepisami prawa.<\/p><p>Planowany termin uruchomienia studi\u00f3w: pa\u017adziernik 2025 r.<\/p><p style=\"text-align: left;\">\u00a0<\/p>\t\t\t\t\t\t<\/div>\n\t\t\t\t<\/div>\n\t\t\t\t\t<\/div>\n\t\t<\/div>\n\t\t\t\t<div class=\"elementor-column elementor-col-33 elementor-inner-column elementor-element elementor-element-65e2d1a6\" data-id=\"65e2d1a6\" data-element_type=\"column\">\n\t\t\t<div class=\"elementor-widget-wrap\">\n\t\t\t\t\t\t\t\t\t<\/div>\n\t\t<\/div>\n\t\t\t\t\t\t\t<\/div>\n\t\t<\/section>\n\t\t\t\t\t<\/div>\n\t\t<\/div>\n\t\t\t\t\t\t\t<\/div>\n\t\t<\/section>\n\t\t\t\t<section class=\"elementor-section elementor-inner-section elementor-element elementor-element-5a952ab5 elementor-section-boxed elementor-section-height-default elementor-section-height-default\" data-id=\"5a952ab5\" data-element_type=\"section\">\n\t\t\t\t\t\t<div class=\"elementor-container elementor-column-gap-default\">\n\t\t\t\t\t<div class=\"elementor-column elementor-col-33 elementor-inner-column elementor-element elementor-element-3fd345d6\" data-id=\"3fd345d6\" data-element_type=\"column\">\n\t\t\t<div class=\"elementor-widget-wrap elementor-element-populated\">\n\t\t\t\t\t\t\t\t<div class=\"elementor-element elementor-element-582c6ebd elementor-widget elementor-widget-image-box\" data-id=\"582c6ebd\" data-element_type=\"widget\" data-widget_type=\"image-box.default\">\n\t\t\t\t<div class=\"elementor-widget-container\">\n\t\t\t<div class=\"elementor-image-box-wrapper\"><div class=\"elementor-image-box-content\"><h3 class=\"elementor-image-box-title\"><a href=\"https:\/\/sdk.edu.pl\/index.php\/bibliotekoznawstwo-i-informacja-naukowa\/\">Bibliotekoznawstwo i informacja naukowa <\/a><\/h3><p class=\"elementor-image-box-description\"><br>3 semestry<\/p><\/div><\/div>\t\t<\/div>\n\t\t\t\t<\/div>\n\t\t\t\t\t<\/div>\n\t\t<\/div>\n\t\t\t\t<div class=\"elementor-column elementor-col-33 elementor-inner-column elementor-element elementor-element-428317f3\" data-id=\"428317f3\" data-element_type=\"column\">\n\t\t\t<div class=\"elementor-widget-wrap elementor-element-populated\">\n\t\t\t\t\t\t\t\t<div class=\"elementor-element elementor-element-27533d54 elementor-widget elementor-widget-image-box\" data-id=\"27533d54\" data-element_type=\"widget\" data-widget_type=\"image-box.default\">\n\t\t\t\t<div class=\"elementor-widget-container\">\n\t\t\t<div class=\"elementor-image-box-wrapper\"><div class=\"elementor-image-box-content\"><h3 class=\"elementor-image-box-title\"><a href=\"https:\/\/sdk.edu.pl\/index.php\/doradztwo-zawodowe-i-personalne\/\">Doradztwo zawodowe i personalne<\/a><\/h3><p class=\"elementor-image-box-description\"><br>3 semestry<\/p><\/div><\/div>\t\t<\/div>\n\t\t\t\t<\/div>\n\t\t\t\t\t<\/div>\n\t\t<\/div>\n\t\t\t\t<div class=\"elementor-column elementor-col-33 elementor-inner-column elementor-element elementor-element-3b3cd74b\" data-id=\"3b3cd74b\" data-element_type=\"column\">\n\t\t\t<div class=\"elementor-widget-wrap elementor-element-populated\">\n\t\t\t\t\t\t\t\t<div class=\"elementor-element elementor-element-43d72794 elementor-widget elementor-widget-image-box\" data-id=\"43d72794\" data-element_type=\"widget\" data-widget_type=\"image-box.default\">\n\t\t\t\t<div class=\"elementor-widget-container\">\n\t\t\t<div class=\"elementor-image-box-wrapper\"><div class=\"elementor-image-box-content\"><h3 class=\"elementor-image-box-title\"><a href=\"https:\/\/sdk.edu.pl\/index.php\/dydaktyka-jezyka-angielskiego-w-edukacji-przedszkolnej-i-wczesnoszkolej\/\">Dydaktyka j\u0119zyka angielskiego w edukacji przedszkolnej i wczesnoszkolej <\/a><\/h3><p class=\"elementor-image-box-description\">3 semestry<\/p><\/div><\/div>\t\t<\/div>\n\t\t\t\t<\/div>\n\t\t\t\t\t<\/div>\n\t\t<\/div>\n\t\t\t\t\t\t\t<\/div>\n\t\t<\/section>\n\t\t\t\t<section class=\"elementor-section elementor-inner-section elementor-element elementor-element-6fe767b4 elementor-section-boxed elementor-section-height-default elementor-section-height-default\" data-id=\"6fe767b4\" data-element_type=\"section\">\n\t\t\t\t\t\t<div class=\"elementor-container elementor-column-gap-default\">\n\t\t\t\t\t<div class=\"elementor-column elementor-col-33 elementor-inner-column elementor-element elementor-element-31545218\" data-id=\"31545218\" data-element_type=\"column\">\n\t\t\t<div class=\"elementor-widget-wrap elementor-element-populated\">\n\t\t\t\t\t\t\t\t<div class=\"elementor-element elementor-element-3f272cf4 elementor-widget elementor-widget-image-box\" data-id=\"3f272cf4\" data-element_type=\"widget\" data-widget_type=\"image-box.default\">\n\t\t\t\t<div class=\"elementor-widget-container\">\n\t\t\t<div class=\"elementor-image-box-wrapper\"><div class=\"elementor-image-box-content\"><h3 class=\"elementor-image-box-title\"><a href=\"https:\/\/sdk.edu.pl\/index.php\/edukacja-i-terapia-osob-z-zaburzeniami-ze-spektrum-autyzmu\/\">Edukacja i terapia os\u00f3b z zaburzeniami ze spektrum autyzmu<\/a><\/h3><p class=\"elementor-image-box-description\">3 semestry\n<\/p><\/div><\/div>\t\t<\/div>\n\t\t\t\t<\/div>\n\t\t\t\t\t<\/div>\n\t\t<\/div>\n\t\t\t\t<div class=\"elementor-column elementor-col-33 elementor-inner-column elementor-element elementor-element-43f1a9d8\" data-id=\"43f1a9d8\" data-element_type=\"column\">\n\t\t\t<div class=\"elementor-widget-wrap elementor-element-populated\">\n\t\t\t\t\t\t\t\t<div class=\"elementor-element elementor-element-edaeaad elementor-widget elementor-widget-image-box\" data-id=\"edaeaad\" data-element_type=\"widget\" data-widget_type=\"image-box.default\">\n\t\t\t\t<div class=\"elementor-widget-container\">\n\t\t\t<div class=\"elementor-image-box-wrapper\"><div class=\"elementor-image-box-content\"><h3 class=\"elementor-image-box-title\"><a href=\"https:\/\/sdk.edu.pl\/index.php\/logopedia\/\">Logopedia<\/a><\/h3><p class=\"elementor-image-box-description\"><br><br>4 semestry<\/p><\/div><\/div>\t\t<\/div>\n\t\t\t\t<\/div>\n\t\t\t\t\t<\/div>\n\t\t<\/div>\n\t\t\t\t<div class=\"elementor-column elementor-col-33 elementor-inner-column elementor-element elementor-element-11bd6fd5\" data-id=\"11bd6fd5\" data-element_type=\"column\">\n\t\t\t<div class=\"elementor-widget-wrap elementor-element-populated\">\n\t\t\t\t\t\t\t\t<div class=\"elementor-element elementor-element-5c7666ed elementor-widget elementor-widget-image-box\" data-id=\"5c7666ed\" data-element_type=\"widget\" data-widget_type=\"image-box.default\">\n\t\t\t\t<div class=\"elementor-widget-container\">\n\t\t\t<div class=\"elementor-image-box-wrapper\"><div class=\"elementor-image-box-content\"><h3 class=\"elementor-image-box-title\"><a href=\"https:\/\/sdk.edu.pl\/index.php\/neurologopedia\/\">Neurologopedia<\/a><\/h3><p class=\"elementor-image-box-description\"><br><br>3 semestry<\/p><\/div><\/div>\t\t<\/div>\n\t\t\t\t<\/div>\n\t\t\t\t\t<\/div>\n\t\t<\/div>\n\t\t\t\t\t\t\t<\/div>\n\t\t<\/section>\n\t\t\t\t<section class=\"elementor-section elementor-inner-section elementor-element elementor-element-54c4d4dd elementor-section-boxed elementor-section-height-default elementor-section-height-default\" data-id=\"54c4d4dd\" data-element_type=\"section\">\n\t\t\t\t\t\t<div class=\"elementor-container elementor-column-gap-default\">\n\t\t\t\t\t<div class=\"elementor-column elementor-col-33 elementor-inner-column elementor-element elementor-element-69ad48ad\" data-id=\"69ad48ad\" data-element_type=\"column\">\n\t\t\t<div class=\"elementor-widget-wrap elementor-element-populated\">\n\t\t\t\t\t\t\t\t<div class=\"elementor-element elementor-element-76866d93 elementor-widget elementor-widget-image-box\" data-id=\"76866d93\" data-element_type=\"widget\" data-widget_type=\"image-box.default\">\n\t\t\t\t<div class=\"elementor-widget-container\">\n\t\t\t<div class=\"elementor-image-box-wrapper\"><div class=\"elementor-image-box-content\"><h3 class=\"elementor-image-box-title\"><a href=\"https:\/\/sdk.edu.pl\/index.php\/oligofrenopedagogika\/\">Edukacja i rehabilitacja os\u00f3b z niepe\u0142nosprawno\u015bci\u0105 intelektualn\u0105 (Oligofrenopedagogika)<\/a><\/h3><p class=\"elementor-image-box-description\">3 semestry<\/p><\/div><\/div>\t\t<\/div>\n\t\t\t\t<\/div>\n\t\t\t\t\t<\/div>\n\t\t<\/div>\n\t\t\t\t<div class=\"elementor-column elementor-col-33 elementor-inner-column elementor-element elementor-element-3b62ae35\" data-id=\"3b62ae35\" data-element_type=\"column\">\n\t\t\t<div class=\"elementor-widget-wrap elementor-element-populated\">\n\t\t\t\t\t\t\t\t<div class=\"elementor-element elementor-element-2f4d5a79 elementor-widget elementor-widget-image-box\" data-id=\"2f4d5a79\" data-element_type=\"widget\" data-widget_type=\"image-box.default\">\n\t\t\t\t<div class=\"elementor-widget-container\">\n\t\t\t<div class=\"elementor-image-box-wrapper\"><div class=\"elementor-image-box-content\"><h3 class=\"elementor-image-box-title\"><a href=\"https:\/\/sdk.edu.pl\/index.php\/pedagogika-opiekunczo-wychowawcza\/\">Pedagogika opieku\u0144czo-wychowawcza z elem. profilaktyki <\/a><\/h3><p class=\"elementor-image-box-description\"><br>3 semestry<\/p><\/div><\/div>\t\t<\/div>\n\t\t\t\t<\/div>\n\t\t\t\t\t<\/div>\n\t\t<\/div>\n\t\t\t\t<div class=\"elementor-column elementor-col-33 elementor-inner-column elementor-element elementor-element-5ca0508c\" data-id=\"5ca0508c\" data-element_type=\"column\">\n\t\t\t<div class=\"elementor-widget-wrap elementor-element-populated\">\n\t\t\t\t\t\t\t\t<div class=\"elementor-element elementor-element-52ecf273 elementor-widget elementor-widget-image-box\" data-id=\"52ecf273\" data-element_type=\"widget\" data-widget_type=\"image-box.default\">\n\t\t\t\t<div class=\"elementor-widget-container\">\n\t\t\t<div class=\"elementor-image-box-wrapper\"><div class=\"elementor-image-box-content\"><h3 class=\"elementor-image-box-title\"><a href=\"https:\/\/sdk.edu.pl\/index.php\/pedagogika-resocjalizacyjna\/\">Pedagogika resocjalizacyjna <\/a><\/h3><p class=\"elementor-image-box-description\"><br><br><br>3 semestry<\/p><\/div><\/div>\t\t<\/div>\n\t\t\t\t<\/div>\n\t\t\t\t\t<\/div>\n\t\t<\/div>\n\t\t\t\t\t\t\t<\/div>\n\t\t<\/section>\n\t\t\t\t<section class=\"elementor-section elementor-inner-section elementor-element elementor-element-78a314 elementor-section-boxed elementor-section-height-default elementor-section-height-default\" data-id=\"78a314\" data-element_type=\"section\">\n\t\t\t\t\t\t<div class=\"elementor-container elementor-column-gap-default\">\n\t\t\t\t\t<div class=\"elementor-column elementor-col-33 elementor-inner-column elementor-element elementor-element-4c12857c\" data-id=\"4c12857c\" data-element_type=\"column\">\n\t\t\t<div class=\"elementor-widget-wrap elementor-element-populated\">\n\t\t\t\t\t\t\t\t<div class=\"elementor-element elementor-element-24f38d57 elementor-widget elementor-widget-image-box\" data-id=\"24f38d57\" data-element_type=\"widget\" data-widget_type=\"image-box.default\">\n\t\t\t\t<div class=\"elementor-widget-container\">\n\t\t\t<div class=\"elementor-image-box-wrapper\"><div class=\"elementor-image-box-content\"><h3 class=\"elementor-image-box-title\"><a href=\"https:\/\/sdk.edu.pl\/index.php\/przygotowanie-pedagogiczne\/\">Przygotowanie pedagogiczne do pracy nauczycielskiej<\/a><\/h3><p class=\"elementor-image-box-description\"><br><br>3 semestry<\/p><\/div><\/div>\t\t<\/div>\n\t\t\t\t<\/div>\n\t\t\t\t\t<\/div>\n\t\t<\/div>\n\t\t\t\t<div class=\"elementor-column elementor-col-33 elementor-inner-column elementor-element elementor-element-4a25723a\" data-id=\"4a25723a\" data-element_type=\"column\">\n\t\t\t<div class=\"elementor-widget-wrap elementor-element-populated\">\n\t\t\t\t\t\t\t\t<div class=\"elementor-element elementor-element-2cc06bd elementor-widget elementor-widget-image-box\" data-id=\"2cc06bd\" data-element_type=\"widget\" data-widget_type=\"image-box.default\">\n\t\t\t\t<div class=\"elementor-widget-container\">\n\t\t\t<div class=\"elementor-image-box-wrapper\"><div class=\"elementor-image-box-content\"><h3 class=\"elementor-image-box-title\"><a href=\"https:\/\/sdk.edu.pl\/index.php\/socjoterapia\/\">Socjoterapia <\/a><\/h3><p class=\"elementor-image-box-description\"><br><br>3 semestry<\/p><\/div><\/div>\t\t<\/div>\n\t\t\t\t<\/div>\n\t\t\t\t\t<\/div>\n\t\t<\/div>\n\t\t\t\t<div class=\"elementor-column elementor-col-33 elementor-inner-column elementor-element elementor-element-653fcf0d\" data-id=\"653fcf0d\" data-element_type=\"column\">\n\t\t\t<div class=\"elementor-widget-wrap elementor-element-populated\">\n\t\t\t\t\t\t\t\t<div class=\"elementor-element elementor-element-605cf5df elementor-widget elementor-widget-image-box\" data-id=\"605cf5df\" data-element_type=\"widget\" data-widget_type=\"image-box.default\">\n\t\t\t\t<div class=\"elementor-widget-container\">\n\t\t\t<div class=\"elementor-image-box-wrapper\"><div class=\"elementor-image-box-content\"><h3 class=\"elementor-image-box-title\"><a href=\"https:\/\/sdk.edu.pl\/index.php\/diagnoza-i-terapia-pedagogiczna\/\">Pedagogika korekcyjna (terapia pedagogiczna)<\/a><\/h3><p class=\"elementor-image-box-description\"><br>3 semestry<\/p><\/div><\/div>\t\t<\/div>\n\t\t\t\t<\/div>\n\t\t\t\t\t<\/div>\n\t\t<\/div>\n\t\t\t\t\t\t\t<\/div>\n\t\t<\/section>\n\t\t\t\t<section class=\"elementor-section elementor-inner-section elementor-element elementor-element-46215eb3 elementor-section-boxed elementor-section-height-default elementor-section-height-default\" data-id=\"46215eb3\" data-element_type=\"section\">\n\t\t\t\t\t\t<div class=\"elementor-container elementor-column-gap-default\">\n\t\t\t\t\t<div class=\"elementor-column elementor-col-33 elementor-inner-column elementor-element elementor-element-69a35bcd\" data-id=\"69a35bcd\" data-element_type=\"column\">\n\t\t\t<div class=\"elementor-widget-wrap elementor-element-populated\">\n\t\t\t\t\t\t\t\t<div class=\"elementor-element elementor-element-454f1758 elementor-widget elementor-widget-image-box\" data-id=\"454f1758\" data-element_type=\"widget\" data-widget_type=\"image-box.default\">\n\t\t\t\t<div class=\"elementor-widget-container\">\n\t\t\t<div class=\"elementor-image-box-wrapper\"><div class=\"elementor-image-box-content\"><h3 class=\"elementor-image-box-title\"><a href=\"https:\/\/sdk.edu.pl\/index.php\/wczesne-wspomaganie-rozwoju-dziecka\/\">Wczesne wspomaganie rozwoju dziecka <\/a><\/h3><p class=\"elementor-image-box-description\">3 semestry<\/p><\/div><\/div>\t\t<\/div>\n\t\t\t\t<\/div>\n\t\t\t\t\t<\/div>\n\t\t<\/div>\n\t\t\t\t<div class=\"elementor-column elementor-col-33 elementor-inner-column elementor-element elementor-element-3ac38dda\" data-id=\"3ac38dda\" data-element_type=\"column\">\n\t\t\t<div class=\"elementor-widget-wrap elementor-element-populated\">\n\t\t\t\t\t\t\t\t<div class=\"elementor-element elementor-element-44292347 elementor-widget elementor-widget-image-box\" data-id=\"44292347\" data-element_type=\"widget\" data-widget_type=\"image-box.default\">\n\t\t\t\t<div class=\"elementor-widget-container\">\n\t\t\t<div class=\"elementor-image-box-wrapper\"><div class=\"elementor-image-box-content\"><h3 class=\"elementor-image-box-title\"><a href=\"https:\/\/sdk.edu.pl\/index.php\/zarzadzanie-oswiata\/\">Zarz\u0105dzanie o\u015bwiat\u0105 - Menad\u017cer o\u015bwiaty<\/a><\/h3><p class=\"elementor-image-box-description\"><br>2 semestry<\/p><\/div><\/div>\t\t<\/div>\n\t\t\t\t<\/div>\n\t\t\t\t\t<\/div>\n\t\t<\/div>\n\t\t\t\t<div class=\"elementor-column elementor-col-33 elementor-inner-column elementor-element elementor-element-1e94179\" data-id=\"1e94179\" data-element_type=\"column\">\n\t\t\t<div class=\"elementor-widget-wrap elementor-element-populated\">\n\t\t\t\t\t\t\t\t<div class=\"elementor-element elementor-element-15d1369 elementor-widget elementor-widget-image-box\" data-id=\"15d1369\" data-element_type=\"widget\" data-widget_type=\"image-box.default\">\n\t\t\t\t<div class=\"elementor-widget-container\">\n\t\t\t<div class=\"elementor-image-box-wrapper\"><div class=\"elementor-image-box-content\"><h3 class=\"elementor-image-box-title\"><a href=\"https:\/\/sdk.edu.pl\/index.php\/pedagogika-specjalna\/\">Edukacja w\u0142\u0105czaj\u0105ca i integracyjna uczni\u00f3w ze specjalnymi potrzebami edukacyjnymi - PEDAGOG SPECJALNY<\/a><\/h3><p class=\"elementor-image-box-description\">NOWY KIERUNEK!\n3 semestry<\/p><\/div><\/div>\t\t<\/div>\n\t\t\t\t<\/div>\n\t\t\t\t\t<\/div>\n\t\t<\/div>\n\t\t\t\t\t\t\t<\/div>\n\t\t<\/section>\n\t\t\t\t\t\t\t<\/div>\n\t\t","protected":false},"excerpt":{"rendered":"<p>Studia podyplomowe\u200b TRWA REKRUTACJA na studia podyplomowe kwalifikacyjne! Wszystkie realizowane studia podyplomowe nadaj\u0105 kwalifikacje i s\u0105 prowadzone we wsp\u00f3\u0142pracy z wy\u017cszymi uczelniami. Absolwenci studi\u00f3w otrzymuj\u0105 \u015bwiadectwo uko\u0144czenia studi\u00f3w podyplomowych zgodnie z obowi\u0105zuj\u0105cymi przepisami prawa. Planowany termin uruchomienia studi\u00f3w: pa\u017adziernik 2025 r. \u00a0 Bibliotekoznawstwo i informacja naukowa 3 semestry Doradztwo zawodowe i personalne 3 semestry Dydaktyka [&hellip;]<\/p>\n","protected":false},"author":1,"featured_media":0,"parent":0,"menu_order":0,"comment_status":"closed","ping_status":"closed","template":"","meta":[],"_links":{"self":[{"href":"https:\/\/sdk.edu.pl\/index.php\/wp-json\/wp\/v2\/pages\/157"}],"collection":[{"href":"https:\/\/sdk.edu.pl\/index.php\/wp-json\/wp\/v2\/pages"}],"about":[{"href":"https:\/\/sdk.edu.pl\/index.php\/wp-json\/wp\/v2\/types\/page"}],"author":[{"embeddable":true,"href":"https:\/\/sdk.edu.pl\/index.php\/wp-json\/wp\/v2\/users\/1"}],"replies":[{"embeddable":true,"href":"https:\/\/sdk.edu.pl\/index.php\/wp-json\/wp\/v2\/comments?post=157"}],"version-history":[{"count":144,"href":"https:\/\/sdk.edu.pl\/index.php\/wp-json\/wp\/v2\/pages\/157\/revisions"}],"predecessor-version":[{"id":3024,"href":"https:\/\/sdk.edu.pl\/index.php\/wp-json\/wp\/v2\/pages\/157\/revisions\/3024"}],"wp:attachment":[{"href":"https:\/\/sdk.edu.pl\/index.php\/wp-json\/wp\/v2\/media?parent=157"}],"curies":[{"name":"wp","href":"https:\/\/api.w.org\/{rel}","templated":true}]}}