{"id":1337,"date":"2021-03-02T11:27:03","date_gmt":"2021-03-02T11:27:03","guid":{"rendered":"http:\/\/sdk.edu.pl\/?page_id=1337"},"modified":"2021-03-04T11:58:04","modified_gmt":"2021-03-04T11:58:04","slug":"formularze-do-zapisu","status":"publish","type":"page","link":"https:\/\/sdk.edu.pl\/index.php\/formularze-do-zapisu\/","title":{"rendered":"Formularze do zapisu"},"content":{"rendered":"\t\t<div data-elementor-type=\"wp-post\" data-elementor-id=\"1337\" class=\"elementor elementor-1337\">\n\t\t\t\t\t\t\t\t\t<section class=\"elementor-section elementor-top-section elementor-element elementor-element-8b8b91a elementor-section-boxed elementor-section-height-default elementor-section-height-default\" data-id=\"8b8b91a\" data-element_type=\"section\">\n\t\t\t\t\t\t<div class=\"elementor-container elementor-column-gap-default\">\n\t\t\t\t\t<div class=\"elementor-column elementor-col-100 elementor-top-column elementor-element elementor-element-b5888ec\" data-id=\"b5888ec\" data-element_type=\"column\">\n\t\t\t<div class=\"elementor-widget-wrap elementor-element-populated\">\n\t\t\t\t\t\t\t\t<div class=\"elementor-element elementor-element-58b4517 elementor-widget elementor-widget-text-editor\" data-id=\"58b4517\" data-element_type=\"widget\" data-widget_type=\"text-editor.default\">\n\t\t\t\t<div class=\"elementor-widget-container\">\n\t\t\t\t\t\t\t<h3><b>Formularze zg\u0142oszeniowe<\/b><\/h3><p>Formularz zg\u0142oszenia na <b>studia podyplomowe<\/b>dost\u0119pny w siedzibie Studium.<\/p><p>Formularz zg\u0142oszenia na <b>kurs kwalifikacyjny:<\/b><\/p><p>Dokument programu MS-Word [55kB] &#8211; <a target=\"_blank\" rel=\"noopener\"><b>Zobacz<\/b><\/a><\/p><p>Dokument programu Acrobat Reader [61kB] &#8211; <a target=\"_blank\" rel=\"noopener\"><b>Zobacz<\/b><\/a><\/p><p>Formularz zg\u0142oszenia na <b>kurs doskonalacy:<\/b><\/p><p>Dokument programu MS-Word [55kB] &#8211; <a target=\"_blank\" rel=\"noopener\"><b>Zobacz<\/b><\/a><\/p><p>Dokument programu Acrobat Reader [61kB] &#8211; <a target=\"_blank\" rel=\"noopener\"><b>Zobacz<\/b><\/a><\/p><p><b>Darmowy program do odczytu plik\u00f3w (pdf) mo\u017cna pobrac st\u0105d.\u00a0Do odczytu plik\u00f3w MS-Word , trzeba mie\u0107 zainstalowany program Microsoft Word.<\/b><\/p>\t\t\t\t\t\t<\/div>\n\t\t\t\t<\/div>\n\t\t\t\t\t<\/div>\n\t\t<\/div>\n\t\t\t\t\t\t\t<\/div>\n\t\t<\/section>\n\t\t\t\t\t\t\t<\/div>\n\t\t","protected":false},"excerpt":{"rendered":"<p>Formularze zg\u0142oszeniowe Formularz zg\u0142oszenia na studia podyplomowedost\u0119pny w siedzibie Studium. Formularz zg\u0142oszenia na kurs kwalifikacyjny: Dokument programu MS-Word [55kB] &#8211; Zobacz Dokument programu Acrobat Reader [61kB] &#8211; Zobacz Formularz zg\u0142oszenia na kurs doskonalacy: Dokument programu MS-Word [55kB] &#8211; Zobacz Dokument programu Acrobat Reader [61kB] &#8211; Zobacz Darmowy program do odczytu plik\u00f3w (pdf) mo\u017cna pobrac st\u0105d.\u00a0Do [&hellip;]<\/p>\n","protected":false},"author":1,"featured_media":0,"parent":0,"menu_order":0,"comment_status":"closed","ping_status":"closed","template":"page-templates\/pagebuilder.php","meta":[],"_links":{"self":[{"href":"https:\/\/sdk.edu.pl\/index.php\/wp-json\/wp\/v2\/pages\/1337"}],"collection":[{"href":"https:\/\/sdk.edu.pl\/index.php\/wp-json\/wp\/v2\/pages"}],"about":[{"href":"https:\/\/sdk.edu.pl\/index.php\/wp-json\/wp\/v2\/types\/page"}],"author":[{"embeddable":true,"href":"https:\/\/sdk.edu.pl\/index.php\/wp-json\/wp\/v2\/users\/1"}],"replies":[{"embeddable":true,"href":"https:\/\/sdk.edu.pl\/index.php\/wp-json\/wp\/v2\/comments?post=1337"}],"version-history":[{"count":0,"href":"https:\/\/sdk.edu.pl\/index.php\/wp-json\/wp\/v2\/pages\/1337\/revisions"}],"wp:attachment":[{"href":"https:\/\/sdk.edu.pl\/index.php\/wp-json\/wp\/v2\/media?parent=1337"}],"curies":[{"name":"wp","href":"https:\/\/api.w.org\/{rel}","templated":true}]}}