{"id":1318,"date":"2021-03-02T11:18:41","date_gmt":"2021-03-02T11:18:41","guid":{"rendered":"http:\/\/sdk.edu.pl\/?page_id=1318"},"modified":"2021-03-04T11:57:36","modified_gmt":"2021-03-04T11:57:36","slug":"wymagane-dokumenty","status":"publish","type":"page","link":"https:\/\/sdk.edu.pl\/index.php\/wymagane-dokumenty\/","title":{"rendered":"Wymagane dokumenty"},"content":{"rendered":"\t\t<div data-elementor-type=\"wp-post\" data-elementor-id=\"1318\" class=\"elementor elementor-1318\">\n\t\t\t\t\t\t\t\t\t<section class=\"elementor-section elementor-top-section elementor-element elementor-element-d369125 elementor-section-boxed elementor-section-height-default elementor-section-height-default\" data-id=\"d369125\" data-element_type=\"section\">\n\t\t\t\t\t\t<div class=\"elementor-container elementor-column-gap-default\">\n\t\t\t\t\t<div class=\"elementor-column elementor-col-100 elementor-top-column elementor-element elementor-element-f1bb72c\" data-id=\"f1bb72c\" data-element_type=\"column\">\n\t\t\t<div class=\"elementor-widget-wrap elementor-element-populated\">\n\t\t\t\t\t\t\t\t<div class=\"elementor-element elementor-element-d0139c7 elementor-widget elementor-widget-text-editor\" data-id=\"d0139c7\" data-element_type=\"widget\" data-widget_type=\"text-editor.default\">\n\t\t\t\t<div class=\"elementor-widget-container\">\n\t\t\t\t\t\t\t<h2><b>Wymagane dokumenty<\/b><\/h2><p><b>Kandydaci sk\u0142adaj\u0105 nast\u0119puj\u0105ce dokumenty:<\/b><\/p><p>* podanie na obowi\u0105zuj\u0105cym druku<\/p><p>* odpis dyplomu uko\u0144czenia studi\u00f3w wy\u017cszych<\/p><p>* jedno zdj\u0119cie<\/p><p>* kserokopia dowodu osobistego<\/p><p>* dow\u00f3d wniesienia op\u0142aty rekrutacyjnej w wysoko\u015bci 150 PLN<\/p><p>Wymienione dokumenty nale\u017cy sk\u0142ada\u0107 w siedzibie Studium:<br \/>ul. Traugutta 61, 26-600 Radom.<\/p><p><strong>Pieni\u0105dze mo\u017cna wp\u0142aca\u0107 na podany ni\u017cej numer konta lub osobi\u015bcie w biurze SDKO.<\/strong><\/p><p><strong>BGZ s.a. O\/Radom 81 2030 0045 1110 0000 0016 5390<\/strong><\/p>\t\t\t\t\t\t<\/div>\n\t\t\t\t<\/div>\n\t\t\t\t\t<\/div>\n\t\t<\/div>\n\t\t\t\t\t\t\t<\/div>\n\t\t<\/section>\n\t\t\t\t\t\t\t<\/div>\n\t\t","protected":false},"excerpt":{"rendered":"<p>Wymagane dokumenty Kandydaci sk\u0142adaj\u0105 nast\u0119puj\u0105ce dokumenty: * podanie na obowi\u0105zuj\u0105cym druku * odpis dyplomu uko\u0144czenia studi\u00f3w wy\u017cszych * jedno zdj\u0119cie * kserokopia dowodu osobistego * dow\u00f3d wniesienia op\u0142aty rekrutacyjnej w wysoko\u015bci 150 PLN Wymienione dokumenty nale\u017cy sk\u0142ada\u0107 w siedzibie Studium:ul. Traugutta 61, 26-600 Radom. Pieni\u0105dze mo\u017cna wp\u0142aca\u0107 na podany ni\u017cej numer konta lub osobi\u015bcie w [&hellip;]<\/p>\n","protected":false},"author":1,"featured_media":0,"parent":0,"menu_order":0,"comment_status":"closed","ping_status":"closed","template":"page-templates\/pagebuilder.php","meta":[],"_links":{"self":[{"href":"https:\/\/sdk.edu.pl\/index.php\/wp-json\/wp\/v2\/pages\/1318"}],"collection":[{"href":"https:\/\/sdk.edu.pl\/index.php\/wp-json\/wp\/v2\/pages"}],"about":[{"href":"https:\/\/sdk.edu.pl\/index.php\/wp-json\/wp\/v2\/types\/page"}],"author":[{"embeddable":true,"href":"https:\/\/sdk.edu.pl\/index.php\/wp-json\/wp\/v2\/users\/1"}],"replies":[{"embeddable":true,"href":"https:\/\/sdk.edu.pl\/index.php\/wp-json\/wp\/v2\/comments?post=1318"}],"version-history":[{"count":0,"href":"https:\/\/sdk.edu.pl\/index.php\/wp-json\/wp\/v2\/pages\/1318\/revisions"}],"wp:attachment":[{"href":"https:\/\/sdk.edu.pl\/index.php\/wp-json\/wp\/v2\/media?parent=1318"}],"curies":[{"name":"wp","href":"https:\/\/api.w.org\/{rel}","templated":true}]}}